{"id":12494,"date":"2025-06-19T14:27:37","date_gmt":"2025-06-19T12:27:37","guid":{"rendered":"https:\/\/www.fecanbm.es\/tenerife\/?page_id=12494"},"modified":"2025-06-20T09:21:32","modified_gmt":"2025-06-20T07:21:32","slug":"declaracion-de-accesibilidad","status":"publish","type":"page","link":"https:\/\/www.fecanbm.es\/tenerife\/declaracion-de-accesibilidad\/","title":{"rendered":"Declaraci\u00f3n de Accesibilidad"},"content":{"rendered":"\t\t<div data-elementor-type=\"wp-page\" data-elementor-id=\"12494\" class=\"elementor elementor-12494\" data-elementor-post-type=\"page\">\n\t\t\t\t<div class=\"elementor-element elementor-element-899242d e-con-full e-flex e-con e-parent\" data-id=\"899242d\" data-element_type=\"container\" data-e-type=\"container\" data-settings=\"{&quot;background_background&quot;:&quot;classic&quot;}\">\n\t\t\t\t<\/div>\n\t\t<div class=\"elementor-element elementor-element-088e53e e-flex e-con-boxed e-con e-parent\" data-id=\"088e53e\" data-element_type=\"container\" data-e-type=\"container\" data-settings=\"{&quot;background_background&quot;:&quot;classic&quot;}\">\n\t\t\t\t\t<div class=\"e-con-inner\">\n\t\t\t\t<div class=\"elementor-element elementor-element-6e9bcbc elementor-widget elementor-widget-text-editor\" data-id=\"6e9bcbc\" data-element_type=\"widget\" data-e-type=\"widget\" data-widget_type=\"text-editor.default\">\n\t\t\t\t<div class=\"elementor-widget-container\">\n\t\t\t\t\t\t\t\t\t<p><strong>La Empresa Federaci\u00f3n Canaria de Balonmano (FECANBM)<\/strong> se ha comprometido a hacer accesible su sitio web de conformidad con el <a href=\"https:\/\/www.boe.es\/buscar\/act.php?id=BOE-A-2018-12699\" target=\"_blank\" rel=\"noopener\">Real Decreto 1112\/2018, de 7 de septiembre, sobre accesibilidad de los sitios web y aplicaciones para dispositivos m\u00f3viles del sector p\u00fablico<\/a> (en adelante, Real Decreto 1112\/2018, de 7 de septiembre).<\/p><p>La presente declaraci\u00f3n de accesibilidad se aplica a la web de FECANBM.<\/p><p><strong>Este sitio web aplica los requisitos de la Norma UNE-EN 301549:2022 considerando las excepciones del RD 1112\/2018.<\/strong><\/p><h3>\u00a0<\/h3><h3><strong>Situaci\u00f3n de cumplimiento<\/strong><\/h3><p>Este sitio web es parcialmente conforme con el Real Decreto 1112\/2018, de 7 de septiembre.<\/p><h3><strong>Preparaci\u00f3n de la presente declaraci\u00f3n de accesibilidad<\/strong><\/h3><p>La presente declaraci\u00f3n fue preparada el 27 de mayo del 2025.<\/p><p>El m\u00e9todo empleado para preparar la declaraci\u00f3n de Accesibilidad ha sido una autoevaluaci\u00f3n llevada a cabo por el propio organismo mediante herramientas propias del Observatorio de Accesibilidad Web y otras herramientas externas.<\/p><p>\u00daltima revisi\u00f3n de la declaraci\u00f3n: 27\/05\/2025.<\/p><h3><strong>Observaciones y datos de contacto<\/strong><\/h3><p>Puede realizar comunicaciones sobre requisitos de accesibilidad (art\u00edculo 10.2.a) del RD 1112\/2018) como por ejemplo:<\/p><ul><li>Informar sobre cualquier posible incumplimiento por parte de este sitio web.<\/li><li>Transmitir otras dificultades de acceso al contenido.<\/li><li>Formular cualquier otra consulta o sugerencia de mejora relativa a la accesibilidad del sitio web.<\/li><\/ul><p>A trav\u00e9s del siguiente <a href=\"https:\/\/www.fecanbm.es\/tenerife\/contacto\/\">formulario de contacto<\/a><\/p><h2><strong>Solicitudes de informaci\u00f3n accesible y quejas<\/strong><\/h2><p>Para facilitar la presentaci\u00f3n de quejas y sugerencias relacionadas con Toools, en este enlace se ofrece el <a href=\"https:\/\/www.fecanbm.es\/tenerife\/contacto\/\">formulario de contacto<\/a>.<\/p><p>Formulario de quejas y sugerencias<\/p><p>Asimismo, la presentaci\u00f3n de quejas y sugerencias puede efectuarse de manera telem\u00e1tica a trav\u00e9s de la Sede electr\u00f3nica de este Ministerio.<\/p><p><a href=\"https:\/\/sede.miteco.gob.es\/portal\/site\/seMITECO\" target=\"_blank\" rel=\"noopener\">Sede electr\u00f3nica<\/a><\/p><h2><strong>Procedimiento de aplicaci\u00f3n<\/strong><\/h2><p>El compromiso de empresa <strong>Federaci\u00f3n Canaria de Balonmano (FECANBM)<\/strong> por la accesibilidad.<\/p><p><strong>Este sitio web aplica los requisitos de la Norma UNE-EN 301549:2022 considerando las excepciones del RD 1112\/2018.<\/strong><\/p><p>La web de la empresa <strong>Federaci\u00f3n Canaria de Balonmano (FECANBM)<\/strong> se ha construido con el \u00e1nimo de facilitar el acceso universal a todas las personas que lo consultan independientemente de sus capacidades, f\u00edsicas, sensoriales o intelectuales, y del contexto t\u00e9cnico de uso con que lo hacen (tipo de dispositivo, software, velocidad de la conexi\u00f3n, condiciones ambientales, etc.).<\/p><p>Por ello, trabajamos con el objetivo de eliminar las barreras que dificultan el acceso a la informaci\u00f3n y la comunicaci\u00f3n.<\/p><p>El compromiso de la empresa <strong>Federaci\u00f3n Canaria de Balonmano (FECANBM)<\/strong> es llegar a cumplir el nivel de conformidad \u201cDoble-A\u201d (AA), tal y como exigen a las administraciones p\u00fablicas las legislaciones europea y estatal.<\/p><p><a href=\"https:\/\/eur-lex.europa.eu\/legal-content\/ES\/TXT\/?uri=uriserv:OJ.L_.2016.327.01.0001.01.SPA&amp;toc=OJ:L:2016:327:FULL\" target=\"_blank\" rel=\"noopener\">La Directiva (UE) 2016\/2102 del Parlamento Europeo y del Consejo de 26 de octubre de 2016<\/a> establece las normas que se exigen a los Estados miembros para que todas las webs y aplicaciones m\u00f3viles del sector p\u00fablico, independientemente del dispositivo utilizado para acceder, cumplan los requisitos de accesibilidad que se recogen en la norma <a href=\"https:\/\/www.une.org\/encuentra-tu-norma\/busca-tu-norma\/norma?c=N0068037\" target=\"_blank\" rel=\"noopener\">UNE-EN 301549:2022<\/a>, de requisitos de accesibilidad para la contrataci\u00f3n p\u00fablica de productos y servicios TIC en Europa.<\/p><p>La norma <a href=\"https:\/\/www.une.org\/encuentra-tu-norma\/busca-tu-norma\/norma?c=N0068037\" target=\"_blank\" rel=\"noopener\">UNE-EN 301549:2022<\/a> se basa principalmente en las Web Content Accessibility Guidelines (WCAG) 2.1, de agosto de 2018. Concretamente es necesario cumplir el nivel AA. Sin embargo, la norma tambi\u00e9n tiene otros requisitos adicionales, obligatorios y condicionales.<\/p><p>La directiva es de obligado cumplimiento, pero no es directamente aplicable, por eso en el \u00e1mbito estatal se ha desarrollado un real decreto que desarrolla el alcance y los requisitos, como m\u00ednimo. La transposici\u00f3n estatal es el Real Decreto 1112\/2018, de 7 de septiembre, sobre accesibilidad de sitios web y aplicaciones para dispositivos m\u00f3viles del sector p\u00fablico.<\/p>\t\t\t\t\t\t\t\t<\/div>\n\t\t\t\t<\/div>\n\t\t\t\t\t<\/div>\n\t\t\t\t<\/div>\n\t\t\t\t<\/div>\n\t\t","protected":false},"excerpt":{"rendered":"<p>La Empresa Federaci\u00f3n Canaria de Balonmano (FECANBM) se ha comprometido a hacer accesible su sitio web de conformidad con el Real Decreto 1112\/2018, de 7 de septiembre, sobre accesibilidad de los sitios web y aplicaciones para dispositivos m\u00f3viles del sector p\u00fablico (en adelante, Real Decreto 1112\/2018, de 7 de septiembre). La presente declaraci\u00f3n de accesibilidad [&hellip;]<\/p>\n","protected":false},"author":1,"featured_media":0,"parent":0,"menu_order":0,"comment_status":"closed","ping_status":"closed","template":"elementor_header_footer","meta":{"ngg_post_thumbnail":0,"footnotes":""},"class_list":["post-12494","page","type-page","status-publish","hentry"],"yoast_head":"<!-- This site is optimized with the Yoast SEO plugin v27.4 - https:\/\/yoast.com\/product\/yoast-seo-wordpress\/ -->\n<title>Declaraci\u00f3n de Accesibilidad - Federaci\u00f3n Insular de Tenerife<\/title>\n<meta name=\"robots\" content=\"index, follow, max-snippet:-1, max-image-preview:large, max-video-preview:-1\" \/>\n<link rel=\"canonical\" href=\"https:\/\/www.fecanbm.es\/tenerife\/declaracion-de-accesibilidad\/\" \/>\n<meta property=\"og:locale\" content=\"es_ES\" \/>\n<meta property=\"og:type\" content=\"article\" \/>\n<meta property=\"og:title\" content=\"Declaraci\u00f3n de Accesibilidad - Federaci\u00f3n Insular de Tenerife\" \/>\n<meta property=\"og:description\" content=\"La Empresa Federaci\u00f3n Canaria de Balonmano (FECANBM) se ha comprometido a hacer accesible su sitio web de conformidad con el Real Decreto 1112\/2018, de 7 de septiembre, sobre accesibilidad de los sitios web y aplicaciones para dispositivos m\u00f3viles del sector p\u00fablico (en adelante, Real Decreto 1112\/2018, de 7 de septiembre). La presente declaraci\u00f3n de accesibilidad [&hellip;]\" \/>\n<meta property=\"og:url\" content=\"https:\/\/www.fecanbm.es\/tenerife\/declaracion-de-accesibilidad\/\" \/>\n<meta property=\"og:site_name\" content=\"Federaci\u00f3n Insular de Tenerife\" \/>\n<meta property=\"article:modified_time\" content=\"2025-06-20T07:21:32+00:00\" \/>\n<meta name=\"twitter:card\" content=\"summary_large_image\" \/>\n<meta name=\"twitter:label1\" content=\"Tiempo de lectura\" \/>\n\t<meta name=\"twitter:data1\" content=\"3 minutos\" \/>\n<script type=\"application\/ld+json\" class=\"yoast-schema-graph\">{\"@context\":\"https:\\\/\\\/schema.org\",\"@graph\":[{\"@type\":\"WebPage\",\"@id\":\"https:\\\/\\\/www.fecanbm.es\\\/tenerife\\\/declaracion-de-accesibilidad\\\/\",\"url\":\"https:\\\/\\\/www.fecanbm.es\\\/tenerife\\\/declaracion-de-accesibilidad\\\/\",\"name\":\"Declaraci\u00f3n de Accesibilidad - Federaci\u00f3n Insular de Tenerife\",\"isPartOf\":{\"@id\":\"https:\\\/\\\/www.fecanbm.es\\\/tenerife\\\/#website\"},\"datePublished\":\"2025-06-19T12:27:37+00:00\",\"dateModified\":\"2025-06-20T07:21:32+00:00\",\"breadcrumb\":{\"@id\":\"https:\\\/\\\/www.fecanbm.es\\\/tenerife\\\/declaracion-de-accesibilidad\\\/#breadcrumb\"},\"inLanguage\":\"es\",\"potentialAction\":[{\"@type\":\"ReadAction\",\"target\":[\"https:\\\/\\\/www.fecanbm.es\\\/tenerife\\\/declaracion-de-accesibilidad\\\/\"]}]},{\"@type\":\"BreadcrumbList\",\"@id\":\"https:\\\/\\\/www.fecanbm.es\\\/tenerife\\\/declaracion-de-accesibilidad\\\/#breadcrumb\",\"itemListElement\":[{\"@type\":\"ListItem\",\"position\":1,\"name\":\"Portada\",\"item\":\"https:\\\/\\\/www.fecanbm.es\\\/tenerife\\\/\"},{\"@type\":\"ListItem\",\"position\":2,\"name\":\"Declaraci\u00f3n de Accesibilidad\"}]},{\"@type\":\"WebSite\",\"@id\":\"https:\\\/\\\/www.fecanbm.es\\\/tenerife\\\/#website\",\"url\":\"https:\\\/\\\/www.fecanbm.es\\\/tenerife\\\/\",\"name\":\"Federaci\u00f3n Insular de Tenerife\",\"description\":\"Federaci\u00f3n Insular de Tenerife\",\"potentialAction\":[{\"@type\":\"SearchAction\",\"target\":{\"@type\":\"EntryPoint\",\"urlTemplate\":\"https:\\\/\\\/www.fecanbm.es\\\/tenerife\\\/?s={search_term_string}\"},\"query-input\":{\"@type\":\"PropertyValueSpecification\",\"valueRequired\":true,\"valueName\":\"search_term_string\"}}],\"inLanguage\":\"es\"}]}<\/script>\n<!-- \/ Yoast SEO plugin. -->","yoast_head_json":{"title":"Declaraci\u00f3n de Accesibilidad - Federaci\u00f3n Insular de Tenerife","robots":{"index":"index","follow":"follow","max-snippet":"max-snippet:-1","max-image-preview":"max-image-preview:large","max-video-preview":"max-video-preview:-1"},"canonical":"https:\/\/www.fecanbm.es\/tenerife\/declaracion-de-accesibilidad\/","og_locale":"es_ES","og_type":"article","og_title":"Declaraci\u00f3n de Accesibilidad - Federaci\u00f3n Insular de Tenerife","og_description":"La Empresa Federaci\u00f3n Canaria de Balonmano (FECANBM) se ha comprometido a hacer accesible su sitio web de conformidad con el Real Decreto 1112\/2018, de 7 de septiembre, sobre accesibilidad de los sitios web y aplicaciones para dispositivos m\u00f3viles del sector p\u00fablico (en adelante, Real Decreto 1112\/2018, de 7 de septiembre). La presente declaraci\u00f3n de accesibilidad [&hellip;]","og_url":"https:\/\/www.fecanbm.es\/tenerife\/declaracion-de-accesibilidad\/","og_site_name":"Federaci\u00f3n Insular de Tenerife","article_modified_time":"2025-06-20T07:21:32+00:00","twitter_card":"summary_large_image","twitter_misc":{"Tiempo de lectura":"3 minutos"},"schema":{"@context":"https:\/\/schema.org","@graph":[{"@type":"WebPage","@id":"https:\/\/www.fecanbm.es\/tenerife\/declaracion-de-accesibilidad\/","url":"https:\/\/www.fecanbm.es\/tenerife\/declaracion-de-accesibilidad\/","name":"Declaraci\u00f3n de Accesibilidad - Federaci\u00f3n Insular de Tenerife","isPartOf":{"@id":"https:\/\/www.fecanbm.es\/tenerife\/#website"},"datePublished":"2025-06-19T12:27:37+00:00","dateModified":"2025-06-20T07:21:32+00:00","breadcrumb":{"@id":"https:\/\/www.fecanbm.es\/tenerife\/declaracion-de-accesibilidad\/#breadcrumb"},"inLanguage":"es","potentialAction":[{"@type":"ReadAction","target":["https:\/\/www.fecanbm.es\/tenerife\/declaracion-de-accesibilidad\/"]}]},{"@type":"BreadcrumbList","@id":"https:\/\/www.fecanbm.es\/tenerife\/declaracion-de-accesibilidad\/#breadcrumb","itemListElement":[{"@type":"ListItem","position":1,"name":"Portada","item":"https:\/\/www.fecanbm.es\/tenerife\/"},{"@type":"ListItem","position":2,"name":"Declaraci\u00f3n de Accesibilidad"}]},{"@type":"WebSite","@id":"https:\/\/www.fecanbm.es\/tenerife\/#website","url":"https:\/\/www.fecanbm.es\/tenerife\/","name":"Federaci\u00f3n Insular de Tenerife","description":"Federaci\u00f3n Insular de Tenerife","potentialAction":[{"@type":"SearchAction","target":{"@type":"EntryPoint","urlTemplate":"https:\/\/www.fecanbm.es\/tenerife\/?s={search_term_string}"},"query-input":{"@type":"PropertyValueSpecification","valueRequired":true,"valueName":"search_term_string"}}],"inLanguage":"es"}]}},"_links":{"self":[{"href":"https:\/\/www.fecanbm.es\/tenerife\/wp-json\/wp\/v2\/pages\/12494","targetHints":{"allow":["GET"]}}],"collection":[{"href":"https:\/\/www.fecanbm.es\/tenerife\/wp-json\/wp\/v2\/pages"}],"about":[{"href":"https:\/\/www.fecanbm.es\/tenerife\/wp-json\/wp\/v2\/types\/page"}],"author":[{"embeddable":true,"href":"https:\/\/www.fecanbm.es\/tenerife\/wp-json\/wp\/v2\/users\/1"}],"replies":[{"embeddable":true,"href":"https:\/\/www.fecanbm.es\/tenerife\/wp-json\/wp\/v2\/comments?post=12494"}],"version-history":[{"count":13,"href":"https:\/\/www.fecanbm.es\/tenerife\/wp-json\/wp\/v2\/pages\/12494\/revisions"}],"predecessor-version":[{"id":12523,"href":"https:\/\/www.fecanbm.es\/tenerife\/wp-json\/wp\/v2\/pages\/12494\/revisions\/12523"}],"wp:attachment":[{"href":"https:\/\/www.fecanbm.es\/tenerife\/wp-json\/wp\/v2\/media?parent=12494"}],"curies":[{"name":"wp","href":"https:\/\/api.w.org\/{rel}","templated":true}]}}