{"id":5683,"date":"2025-06-19T13:41:40","date_gmt":"2025-06-19T11:41:40","guid":{"rendered":"https:\/\/www.fecanbm.es\/lanzarote\/?page_id=5683"},"modified":"2025-06-20T10:15:12","modified_gmt":"2025-06-20T08:15:12","slug":"fototeca","status":"publish","type":"page","link":"https:\/\/www.fecanbm.es\/lanzarote\/fototeca\/","title":{"rendered":"Fototeca"},"content":{"rendered":"\t\t<div data-elementor-type=\"wp-page\" data-elementor-id=\"5683\" class=\"elementor elementor-5683\" data-elementor-post-type=\"page\">\n\t\t\t\t<div class=\"elementor-element elementor-element-fb7664d e-con-full e-flex e-con e-parent\" data-id=\"fb7664d\" data-element_type=\"container\" data-e-type=\"container\" data-settings=\"{&quot;background_background&quot;:&quot;classic&quot;}\">\n\t\t\t\t<\/div>\n\t\t<div class=\"elementor-element elementor-element-03e4cf9 e-flex e-con-boxed e-con e-parent\" data-id=\"03e4cf9\" data-element_type=\"container\" data-e-type=\"container\" data-settings=\"{&quot;background_background&quot;:&quot;classic&quot;}\">\n\t\t\t\t\t<div class=\"e-con-inner\">\n\t\t\t\t<div class=\"elementor-element elementor-element-3c9c3ce elementor-widget elementor-widget-text-editor\" data-id=\"3c9c3ce\" data-element_type=\"widget\" data-e-type=\"widget\" data-widget_type=\"text-editor.default\">\n\t\t\t\t<div class=\"elementor-widget-container\">\n\t\t\t\t\t\t\t\t\t<p><strong>No hay im\u00e1genes todav\u00eda en la Fototeca.<\/strong><\/p>\t\t\t\t\t\t\t\t<\/div>\n\t\t\t\t<\/div>\n\t\t\t\t\t<\/div>\n\t\t\t\t<\/div>\n\t\t\t\t<\/div>\n\t\t","protected":false},"excerpt":{"rendered":"<p>No hay im\u00e1genes todav\u00eda en la Fototeca.<\/p>\n","protected":false},"author":1,"featured_media":0,"parent":0,"menu_order":0,"comment_status":"closed","ping_status":"closed","template":"elementor_header_footer","meta":{"ngg_post_thumbnail":0,"footnotes":""},"class_list":["post-5683","page","type-page","status-publish","hentry"],"yoast_head":"<!-- This site is optimized with the Yoast SEO plugin v27.5 - https:\/\/yoast.com\/product\/yoast-seo-wordpress\/ -->\n<title>Fototeca - Federaci\u00f3n Insular de Lanzarote<\/title>\n<meta name=\"robots\" content=\"index, follow, max-snippet:-1, max-image-preview:large, max-video-preview:-1\" \/>\n<link rel=\"canonical\" href=\"https:\/\/www.fecanbm.es\/lanzarote\/fototeca\/\" \/>\n<meta property=\"og:locale\" content=\"es_ES\" \/>\n<meta property=\"og:type\" content=\"article\" \/>\n<meta property=\"og:title\" content=\"Fototeca - Federaci\u00f3n Insular de Lanzarote\" \/>\n<meta property=\"og:description\" content=\"No hay im\u00e1genes todav\u00eda en la Fototeca.\" \/>\n<meta property=\"og:url\" content=\"https:\/\/www.fecanbm.es\/lanzarote\/fototeca\/\" \/>\n<meta property=\"og:site_name\" content=\"Federaci\u00f3n Insular de Lanzarote\" \/>\n<meta property=\"article:modified_time\" content=\"2025-06-20T08:15:12+00:00\" \/>\n<meta name=\"twitter:card\" content=\"summary_large_image\" \/>\n<meta name=\"twitter:label1\" content=\"Tiempo de lectura\" \/>\n\t<meta name=\"twitter:data1\" content=\"1 minuto\" \/>\n<script type=\"application\/ld+json\" class=\"yoast-schema-graph\">{\"@context\":\"https:\\\/\\\/schema.org\",\"@graph\":[{\"@type\":\"WebPage\",\"@id\":\"https:\\\/\\\/www.fecanbm.es\\\/lanzarote\\\/fototeca\\\/\",\"url\":\"https:\\\/\\\/www.fecanbm.es\\\/lanzarote\\\/fototeca\\\/\",\"name\":\"Fototeca - Federaci\u00f3n Insular de Lanzarote\",\"isPartOf\":{\"@id\":\"https:\\\/\\\/www.fecanbm.es\\\/lanzarote\\\/#website\"},\"datePublished\":\"2025-06-19T11:41:40+00:00\",\"dateModified\":\"2025-06-20T08:15:12+00:00\",\"breadcrumb\":{\"@id\":\"https:\\\/\\\/www.fecanbm.es\\\/lanzarote\\\/fototeca\\\/#breadcrumb\"},\"inLanguage\":\"es\",\"potentialAction\":[{\"@type\":\"ReadAction\",\"target\":[\"https:\\\/\\\/www.fecanbm.es\\\/lanzarote\\\/fototeca\\\/\"]}]},{\"@type\":\"BreadcrumbList\",\"@id\":\"https:\\\/\\\/www.fecanbm.es\\\/lanzarote\\\/fototeca\\\/#breadcrumb\",\"itemListElement\":[{\"@type\":\"ListItem\",\"position\":1,\"name\":\"Portada\",\"item\":\"https:\\\/\\\/www.fecanbm.es\\\/lanzarote\\\/\"},{\"@type\":\"ListItem\",\"position\":2,\"name\":\"Fototeca\"}]},{\"@type\":\"WebSite\",\"@id\":\"https:\\\/\\\/www.fecanbm.es\\\/lanzarote\\\/#website\",\"url\":\"https:\\\/\\\/www.fecanbm.es\\\/lanzarote\\\/\",\"name\":\"Federaci\u00f3n Insular de Lanzarote\",\"description\":\"Federaci\u00f3n Insular de Lanzarote\",\"potentialAction\":[{\"@type\":\"SearchAction\",\"target\":{\"@type\":\"EntryPoint\",\"urlTemplate\":\"https:\\\/\\\/www.fecanbm.es\\\/lanzarote\\\/?s={search_term_string}\"},\"query-input\":{\"@type\":\"PropertyValueSpecification\",\"valueRequired\":true,\"valueName\":\"search_term_string\"}}],\"inLanguage\":\"es\"}]}<\/script>\n<!-- \/ Yoast SEO plugin. -->","yoast_head_json":{"title":"Fototeca - Federaci\u00f3n Insular de Lanzarote","robots":{"index":"index","follow":"follow","max-snippet":"max-snippet:-1","max-image-preview":"max-image-preview:large","max-video-preview":"max-video-preview:-1"},"canonical":"https:\/\/www.fecanbm.es\/lanzarote\/fototeca\/","og_locale":"es_ES","og_type":"article","og_title":"Fototeca - Federaci\u00f3n Insular de Lanzarote","og_description":"No hay im\u00e1genes todav\u00eda en la Fototeca.","og_url":"https:\/\/www.fecanbm.es\/lanzarote\/fototeca\/","og_site_name":"Federaci\u00f3n Insular de Lanzarote","article_modified_time":"2025-06-20T08:15:12+00:00","twitter_card":"summary_large_image","twitter_misc":{"Tiempo de lectura":"1 minuto"},"schema":{"@context":"https:\/\/schema.org","@graph":[{"@type":"WebPage","@id":"https:\/\/www.fecanbm.es\/lanzarote\/fototeca\/","url":"https:\/\/www.fecanbm.es\/lanzarote\/fototeca\/","name":"Fototeca - Federaci\u00f3n Insular de Lanzarote","isPartOf":{"@id":"https:\/\/www.fecanbm.es\/lanzarote\/#website"},"datePublished":"2025-06-19T11:41:40+00:00","dateModified":"2025-06-20T08:15:12+00:00","breadcrumb":{"@id":"https:\/\/www.fecanbm.es\/lanzarote\/fototeca\/#breadcrumb"},"inLanguage":"es","potentialAction":[{"@type":"ReadAction","target":["https:\/\/www.fecanbm.es\/lanzarote\/fototeca\/"]}]},{"@type":"BreadcrumbList","@id":"https:\/\/www.fecanbm.es\/lanzarote\/fototeca\/#breadcrumb","itemListElement":[{"@type":"ListItem","position":1,"name":"Portada","item":"https:\/\/www.fecanbm.es\/lanzarote\/"},{"@type":"ListItem","position":2,"name":"Fototeca"}]},{"@type":"WebSite","@id":"https:\/\/www.fecanbm.es\/lanzarote\/#website","url":"https:\/\/www.fecanbm.es\/lanzarote\/","name":"Federaci\u00f3n Insular de Lanzarote","description":"Federaci\u00f3n Insular de Lanzarote","potentialAction":[{"@type":"SearchAction","target":{"@type":"EntryPoint","urlTemplate":"https:\/\/www.fecanbm.es\/lanzarote\/?s={search_term_string}"},"query-input":{"@type":"PropertyValueSpecification","valueRequired":true,"valueName":"search_term_string"}}],"inLanguage":"es"}]}},"_links":{"self":[{"href":"https:\/\/www.fecanbm.es\/lanzarote\/wp-json\/wp\/v2\/pages\/5683","targetHints":{"allow":["GET"]}}],"collection":[{"href":"https:\/\/www.fecanbm.es\/lanzarote\/wp-json\/wp\/v2\/pages"}],"about":[{"href":"https:\/\/www.fecanbm.es\/lanzarote\/wp-json\/wp\/v2\/types\/page"}],"author":[{"embeddable":true,"href":"https:\/\/www.fecanbm.es\/lanzarote\/wp-json\/wp\/v2\/users\/1"}],"replies":[{"embeddable":true,"href":"https:\/\/www.fecanbm.es\/lanzarote\/wp-json\/wp\/v2\/comments?post=5683"}],"version-history":[{"count":16,"href":"https:\/\/www.fecanbm.es\/lanzarote\/wp-json\/wp\/v2\/pages\/5683\/revisions"}],"predecessor-version":[{"id":5700,"href":"https:\/\/www.fecanbm.es\/lanzarote\/wp-json\/wp\/v2\/pages\/5683\/revisions\/5700"}],"wp:attachment":[{"href":"https:\/\/www.fecanbm.es\/lanzarote\/wp-json\/wp\/v2\/media?parent=5683"}],"curies":[{"name":"wp","href":"https:\/\/api.w.org\/{rel}","templated":true}]}}