{"id":5487,"date":"2025-06-03T14:58:52","date_gmt":"2025-06-03T12:58:52","guid":{"rendered":"https:\/\/www.fecanbm.es\/lanzarote\/?page_id=5487"},"modified":"2025-06-20T11:46:47","modified_gmt":"2025-06-20T09:46:47","slug":"junta-de-gobierno","status":"publish","type":"page","link":"https:\/\/www.fecanbm.es\/lanzarote\/junta-de-gobierno\/","title":{"rendered":"Junta de Gobierno"},"content":{"rendered":"\t\t<div data-elementor-type=\"wp-page\" data-elementor-id=\"5487\" class=\"elementor elementor-5487\" data-elementor-post-type=\"page\">\n\t\t\t\t<div class=\"elementor-element elementor-element-0b6f040 e-con-full e-flex e-con e-parent\" data-id=\"0b6f040\" data-element_type=\"container\" data-e-type=\"container\" data-settings=\"{&quot;background_background&quot;:&quot;classic&quot;}\">\n\t\t\t\t<\/div>\n\t\t<div class=\"elementor-element elementor-element-fbda0fe e-flex e-con-boxed e-con e-parent\" data-id=\"fbda0fe\" data-element_type=\"container\" data-e-type=\"container\" data-settings=\"{&quot;background_background&quot;:&quot;classic&quot;}\">\n\t\t\t\t\t<div class=\"e-con-inner\">\n\t\t<div class=\"elementor-element elementor-element-f6707e7 e-con-full e-flex e-con e-child\" data-id=\"f6707e7\" data-element_type=\"container\" data-e-type=\"container\" data-settings=\"{&quot;background_background&quot;:&quot;classic&quot;}\">\n\t\t<div class=\"elementor-element elementor-element-7c14fce e-con-full e-flex e-con e-child\" data-id=\"7c14fce\" data-element_type=\"container\" data-e-type=\"container\">\n\t\t<div class=\"elementor-element elementor-element-2c800d4 e-con-full e-flex e-con e-child\" data-id=\"2c800d4\" data-element_type=\"container\" data-e-type=\"container\">\n\t\t\t\t<div class=\"elementor-element elementor-element-394422d elementor-widget elementor-widget-image\" data-id=\"394422d\" data-element_type=\"widget\" data-e-type=\"widget\" data-widget_type=\"image.default\">\n\t\t\t\t<div class=\"elementor-widget-container\">\n\t\t\t\t\t\t\t\t\t\t\t\t\t\t\t<img decoding=\"async\" src=\"https:\/\/www.fecanbm.es\/lanzarote\/wp-content\/uploads\/sites\/3\/elementor\/thumbs\/avatar_icon-r6roule78ewn7k3joxfy14bakqwsilhrgljwzizluk.webp\" title=\"avatar_icon.jpg\" alt=\"avatar_icon.jpg\" loading=\"lazy\" \/>\t\t\t\t\t\t\t\t\t\t\t\t\t\t\t<\/div>\n\t\t\t\t<\/div>\n\t\t\t\t<\/div>\n\t\t<div class=\"elementor-element elementor-element-25090c6 e-con-full e-flex e-con e-child\" data-id=\"25090c6\" data-element_type=\"container\" data-e-type=\"container\">\n\t\t\t\t<div class=\"elementor-element elementor-element-3e61744 elementor-widget__width-inherit elementor-widget elementor-widget-icon-box\" data-id=\"3e61744\" data-element_type=\"widget\" data-e-type=\"widget\" data-widget_type=\"icon-box.default\">\n\t\t\t\t<div class=\"elementor-widget-container\">\n\t\t\t\t\t\t\t<div class=\"elementor-icon-box-wrapper\">\n\n\t\t\t\n\t\t\t\t\t\t<div class=\"elementor-icon-box-content\">\n\n\t\t\t\t\t\t\t\t\t<h3 class=\"elementor-icon-box-title\">\n\t\t\t\t\t\t<span  >\n\t\t\t\t\t\t\tPresidente\t\t\t\t\t\t<\/span>\n\t\t\t\t\t<\/h3>\n\t\t\t\t\n\t\t\t\t\t\t\t\t\t<p class=\"elementor-icon-box-description\">\n\t\t\t\t\t\tD. Miguel \u00c1ngel Ferrer del Castillo\t\t\t\t\t<\/p>\n\t\t\t\t\n\t\t\t<\/div>\n\t\t\t\n\t\t<\/div>\n\t\t\t\t\t\t<\/div>\n\t\t\t\t<\/div>\n\t\t\t\t<\/div>\n\t\t\t\t<\/div>\n\t\t\t\t<\/div>\n\t\t<div class=\"elementor-element elementor-element-b910814 e-con-full e-flex e-con e-child\" data-id=\"b910814\" data-element_type=\"container\" data-e-type=\"container\" data-settings=\"{&quot;background_background&quot;:&quot;classic&quot;}\">\n\t\t<div class=\"elementor-element elementor-element-1f70a33 e-con-full e-flex e-con e-child\" data-id=\"1f70a33\" data-element_type=\"container\" data-e-type=\"container\">\n\t\t<div class=\"elementor-element elementor-element-e850549 e-con-full e-flex e-con e-child\" data-id=\"e850549\" data-element_type=\"container\" data-e-type=\"container\">\n\t\t\t\t<div class=\"elementor-element elementor-element-4751f76 elementor-widget elementor-widget-image\" data-id=\"4751f76\" data-element_type=\"widget\" data-e-type=\"widget\" data-widget_type=\"image.default\">\n\t\t\t\t<div class=\"elementor-widget-container\">\n\t\t\t\t\t\t\t\t\t\t\t\t\t\t\t<img decoding=\"async\" src=\"https:\/\/www.fecanbm.es\/lanzarote\/wp-content\/uploads\/sites\/3\/elementor\/thumbs\/avatar_icon-r6roule78ewn7k3joxfy14bakqwsilhrgljwzizluk.webp\" title=\"avatar_icon.jpg\" alt=\"avatar_icon.jpg\" loading=\"lazy\" \/>\t\t\t\t\t\t\t\t\t\t\t\t\t\t\t<\/div>\n\t\t\t\t<\/div>\n\t\t\t\t<\/div>\n\t\t<div class=\"elementor-element elementor-element-06958f5 e-con-full e-flex e-con e-child\" data-id=\"06958f5\" data-element_type=\"container\" data-e-type=\"container\">\n\t\t\t\t<div class=\"elementor-element elementor-element-f89d5d7 elementor-widget__width-inherit elementor-widget elementor-widget-icon-box\" data-id=\"f89d5d7\" data-element_type=\"widget\" data-e-type=\"widget\" data-widget_type=\"icon-box.default\">\n\t\t\t\t<div class=\"elementor-widget-container\">\n\t\t\t\t\t\t\t<div class=\"elementor-icon-box-wrapper\">\n\n\t\t\t\n\t\t\t\t\t\t<div class=\"elementor-icon-box-content\">\n\n\t\t\t\t\t\t\t\t\t<h3 class=\"elementor-icon-box-title\">\n\t\t\t\t\t\t<span  >\n\t\t\t\t\t\t\tVicepresidente\t\t\t\t\t\t<\/span>\n\t\t\t\t\t<\/h3>\n\t\t\t\t\n\t\t\t\t\t\t\t\t\t<p class=\"elementor-icon-box-description\">\n\t\t\t\t\t\tD. Marcial Rodr\u00edguez P\u00e9rez\t\t\t\t\t<\/p>\n\t\t\t\t\n\t\t\t<\/div>\n\t\t\t\n\t\t<\/div>\n\t\t\t\t\t\t<\/div>\n\t\t\t\t<\/div>\n\t\t\t\t<\/div>\n\t\t\t\t<\/div>\n\t\t<div class=\"elementor-element elementor-element-97887ed e-con-full e-flex e-con e-child\" data-id=\"97887ed\" data-element_type=\"container\" data-e-type=\"container\">\n\t\t<div class=\"elementor-element elementor-element-6b338e0 e-con-full e-flex e-con e-child\" data-id=\"6b338e0\" data-element_type=\"container\" data-e-type=\"container\">\n\t\t\t\t<div class=\"elementor-element elementor-element-3dc5118 elementor-widget elementor-widget-image\" data-id=\"3dc5118\" data-element_type=\"widget\" data-e-type=\"widget\" data-widget_type=\"image.default\">\n\t\t\t\t<div class=\"elementor-widget-container\">\n\t\t\t\t\t\t\t\t\t\t\t\t\t\t\t<img decoding=\"async\" src=\"https:\/\/www.fecanbm.es\/lanzarote\/wp-content\/uploads\/sites\/3\/elementor\/thumbs\/avatar_icon-r6roule78ewn7k3joxfy14bakqwsilhrgljwzizluk.webp\" title=\"avatar_icon.jpg\" alt=\"avatar_icon.jpg\" loading=\"lazy\" \/>\t\t\t\t\t\t\t\t\t\t\t\t\t\t\t<\/div>\n\t\t\t\t<\/div>\n\t\t\t\t<\/div>\n\t\t<div class=\"elementor-element elementor-element-6ee4ac7 e-con-full e-flex e-con e-child\" data-id=\"6ee4ac7\" data-element_type=\"container\" data-e-type=\"container\">\n\t\t\t\t<div class=\"elementor-element elementor-element-55b7580 elementor-widget__width-inherit elementor-widget elementor-widget-icon-box\" data-id=\"55b7580\" data-element_type=\"widget\" data-e-type=\"widget\" data-widget_type=\"icon-box.default\">\n\t\t\t\t<div class=\"elementor-widget-container\">\n\t\t\t\t\t\t\t<div class=\"elementor-icon-box-wrapper\">\n\n\t\t\t\n\t\t\t\t\t\t<div class=\"elementor-icon-box-content\">\n\n\t\t\t\t\t\t\t\t\t<h3 class=\"elementor-icon-box-title\">\n\t\t\t\t\t\t<span  >\n\t\t\t\t\t\t\tVocal\t\t\t\t\t\t<\/span>\n\t\t\t\t\t<\/h3>\n\t\t\t\t\n\t\t\t\t\t\t\t\t\t<p class=\"elementor-icon-box-description\">\n\t\t\t\t\t\tD. Aniley Yaeza Avenda\u00f1o Mach\u00edn\t\t\t\t\t<\/p>\n\t\t\t\t\n\t\t\t<\/div>\n\t\t\t\n\t\t<\/div>\n\t\t\t\t\t\t<\/div>\n\t\t\t\t<\/div>\n\t\t\t\t<\/div>\n\t\t\t\t<\/div>\n\t\t<div class=\"elementor-element elementor-element-1446e65 e-con-full e-flex e-con e-child\" data-id=\"1446e65\" data-element_type=\"container\" data-e-type=\"container\">\n\t\t<div class=\"elementor-element elementor-element-5dcc2a3 e-con-full e-flex e-con e-child\" data-id=\"5dcc2a3\" data-element_type=\"container\" data-e-type=\"container\">\n\t\t\t\t<div class=\"elementor-element elementor-element-be6efbe elementor-widget elementor-widget-image\" data-id=\"be6efbe\" data-element_type=\"widget\" data-e-type=\"widget\" data-widget_type=\"image.default\">\n\t\t\t\t<div class=\"elementor-widget-container\">\n\t\t\t\t\t\t\t\t\t\t\t\t\t\t\t<img decoding=\"async\" src=\"https:\/\/www.fecanbm.es\/lanzarote\/wp-content\/uploads\/sites\/3\/elementor\/thumbs\/avatar_icon-r6roule78ewn7k3joxfy14bakqwsilhrgljwzizluk.webp\" title=\"avatar_icon.jpg\" alt=\"avatar_icon.jpg\" loading=\"lazy\" \/>\t\t\t\t\t\t\t\t\t\t\t\t\t\t\t<\/div>\n\t\t\t\t<\/div>\n\t\t\t\t<\/div>\n\t\t<div class=\"elementor-element elementor-element-8060d2c e-con-full e-flex e-con e-child\" data-id=\"8060d2c\" data-element_type=\"container\" data-e-type=\"container\">\n\t\t\t\t<div class=\"elementor-element elementor-element-269e8e3 elementor-widget__width-inherit elementor-widget elementor-widget-icon-box\" data-id=\"269e8e3\" data-element_type=\"widget\" data-e-type=\"widget\" data-widget_type=\"icon-box.default\">\n\t\t\t\t<div class=\"elementor-widget-container\">\n\t\t\t\t\t\t\t<div class=\"elementor-icon-box-wrapper\">\n\n\t\t\t\n\t\t\t\t\t\t<div class=\"elementor-icon-box-content\">\n\n\t\t\t\t\t\t\t\t\t<h3 class=\"elementor-icon-box-title\">\n\t\t\t\t\t\t<span  >\n\t\t\t\t\t\t\tVocal\t\t\t\t\t\t<\/span>\n\t\t\t\t\t<\/h3>\n\t\t\t\t\n\t\t\t\t\t\t\t\t\t<p class=\"elementor-icon-box-description\">\n\t\t\t\t\t\tD. Diego Pastoriza Est\u00e9vez\t\t\t\t\t<\/p>\n\t\t\t\t\n\t\t\t<\/div>\n\t\t\t\n\t\t<\/div>\n\t\t\t\t\t\t<\/div>\n\t\t\t\t<\/div>\n\t\t\t\t<\/div>\n\t\t\t\t<\/div>\n\t\t<div class=\"elementor-element elementor-element-ed19749 e-con-full e-flex e-con e-child\" data-id=\"ed19749\" data-element_type=\"container\" data-e-type=\"container\">\n\t\t<div class=\"elementor-element elementor-element-75d4257 e-con-full e-flex e-con e-child\" data-id=\"75d4257\" data-element_type=\"container\" data-e-type=\"container\">\n\t\t\t\t<div class=\"elementor-element elementor-element-8f833c2 elementor-widget elementor-widget-image\" data-id=\"8f833c2\" data-element_type=\"widget\" data-e-type=\"widget\" data-widget_type=\"image.default\">\n\t\t\t\t<div class=\"elementor-widget-container\">\n\t\t\t\t\t\t\t\t\t\t\t\t\t\t\t<img decoding=\"async\" src=\"https:\/\/www.fecanbm.es\/lanzarote\/wp-content\/uploads\/sites\/3\/elementor\/thumbs\/avatar_icon-r6roule78ewn7k3joxfy14bakqwsilhrgljwzizluk.webp\" title=\"avatar_icon.jpg\" alt=\"avatar_icon.jpg\" loading=\"lazy\" \/>\t\t\t\t\t\t\t\t\t\t\t\t\t\t\t<\/div>\n\t\t\t\t<\/div>\n\t\t\t\t<\/div>\n\t\t<div class=\"elementor-element elementor-element-96d74ed e-con-full e-flex e-con e-child\" data-id=\"96d74ed\" data-element_type=\"container\" data-e-type=\"container\">\n\t\t\t\t<div class=\"elementor-element elementor-element-54a3c29 elementor-widget__width-inherit elementor-widget elementor-widget-icon-box\" data-id=\"54a3c29\" data-element_type=\"widget\" data-e-type=\"widget\" data-widget_type=\"icon-box.default\">\n\t\t\t\t<div class=\"elementor-widget-container\">\n\t\t\t\t\t\t\t<div class=\"elementor-icon-box-wrapper\">\n\n\t\t\t\n\t\t\t\t\t\t<div class=\"elementor-icon-box-content\">\n\n\t\t\t\t\t\t\t\t\t<h3 class=\"elementor-icon-box-title\">\n\t\t\t\t\t\t<span  >\n\t\t\t\t\t\t\tSecretario\t\t\t\t\t\t<\/span>\n\t\t\t\t\t<\/h3>\n\t\t\t\t\n\t\t\t\t\t\t\t\t\t<p class=\"elementor-icon-box-description\">\n\t\t\t\t\t\tD. Alexander Rivera Ortega\t\t\t\t\t<\/p>\n\t\t\t\t\n\t\t\t<\/div>\n\t\t\t\n\t\t<\/div>\n\t\t\t\t\t\t<\/div>\n\t\t\t\t<\/div>\n\t\t\t\t<\/div>\n\t\t\t\t<\/div>\n\t\t\t\t<\/div>\n\t\t\t\t\t<\/div>\n\t\t\t\t<\/div>\n\t\t\t\t<\/div>\n\t\t","protected":false},"excerpt":{"rendered":"<p>Presidente D. Miguel \u00c1ngel Ferrer del Castillo Vicepresidente D. Marcial Rodr\u00edguez P\u00e9rez Vocal D. Aniley Yaeza Avenda\u00f1o Mach\u00edn Vocal D. Diego Pastoriza Est\u00e9vez Secretario D. Alexander Rivera Ortega<\/p>\n","protected":false},"author":1,"featured_media":0,"parent":0,"menu_order":0,"comment_status":"closed","ping_status":"closed","template":"elementor_header_footer","meta":{"ngg_post_thumbnail":0,"footnotes":""},"class_list":["post-5487","page","type-page","status-publish","hentry"],"yoast_head":"<!-- This site is optimized with the Yoast SEO plugin v27.5 - https:\/\/yoast.com\/product\/yoast-seo-wordpress\/ -->\n<title>Junta de Gobierno - Federaci\u00f3n Insular de Lanzarote<\/title>\n<meta name=\"robots\" content=\"index, follow, max-snippet:-1, max-image-preview:large, max-video-preview:-1\" \/>\n<link rel=\"canonical\" href=\"https:\/\/www.fecanbm.es\/lanzarote\/junta-de-gobierno\/\" \/>\n<meta property=\"og:locale\" content=\"es_ES\" \/>\n<meta property=\"og:type\" content=\"article\" \/>\n<meta property=\"og:title\" content=\"Junta de Gobierno - Federaci\u00f3n Insular de Lanzarote\" \/>\n<meta property=\"og:description\" content=\"Presidente D. Miguel \u00c1ngel Ferrer del Castillo Vicepresidente D. Marcial Rodr\u00edguez P\u00e9rez Vocal D. Aniley Yaeza Avenda\u00f1o Mach\u00edn Vocal D. Diego Pastoriza Est\u00e9vez Secretario D. Alexander Rivera Ortega\" \/>\n<meta property=\"og:url\" content=\"https:\/\/www.fecanbm.es\/lanzarote\/junta-de-gobierno\/\" \/>\n<meta property=\"og:site_name\" content=\"Federaci\u00f3n Insular de Lanzarote\" \/>\n<meta property=\"article:modified_time\" content=\"2025-06-20T09:46:47+00:00\" \/>\n<meta property=\"og:image\" content=\"https:\/\/www.fecanbm.es\/lanzarote\/wp-content\/uploads\/sites\/3\/elementor\/thumbs\/avatar_icon-r6roule78ewn7k3joxfy14bakqwsilhrgljwzizluk.webp\" \/>\n<meta name=\"twitter:card\" content=\"summary_large_image\" \/>\n<meta name=\"twitter:label1\" content=\"Tiempo de lectura\" \/>\n\t<meta name=\"twitter:data1\" content=\"2 minutos\" \/>\n<script type=\"application\/ld+json\" class=\"yoast-schema-graph\">{\"@context\":\"https:\\\/\\\/schema.org\",\"@graph\":[{\"@type\":\"WebPage\",\"@id\":\"https:\\\/\\\/www.fecanbm.es\\\/lanzarote\\\/junta-de-gobierno\\\/\",\"url\":\"https:\\\/\\\/www.fecanbm.es\\\/lanzarote\\\/junta-de-gobierno\\\/\",\"name\":\"Junta de Gobierno - Federaci\u00f3n Insular de Lanzarote\",\"isPartOf\":{\"@id\":\"https:\\\/\\\/www.fecanbm.es\\\/lanzarote\\\/#website\"},\"primaryImageOfPage\":{\"@id\":\"https:\\\/\\\/www.fecanbm.es\\\/lanzarote\\\/junta-de-gobierno\\\/#primaryimage\"},\"image\":{\"@id\":\"https:\\\/\\\/www.fecanbm.es\\\/lanzarote\\\/junta-de-gobierno\\\/#primaryimage\"},\"thumbnailUrl\":\"https:\\\/\\\/www.fecanbm.es\\\/lanzarote\\\/wp-content\\\/uploads\\\/sites\\\/3\\\/elementor\\\/thumbs\\\/avatar_icon-r6roule78ewn7k3joxfy14bakqwsilhrgljwzizluk.webp\",\"datePublished\":\"2025-06-03T12:58:52+00:00\",\"dateModified\":\"2025-06-20T09:46:47+00:00\",\"breadcrumb\":{\"@id\":\"https:\\\/\\\/www.fecanbm.es\\\/lanzarote\\\/junta-de-gobierno\\\/#breadcrumb\"},\"inLanguage\":\"es\",\"potentialAction\":[{\"@type\":\"ReadAction\",\"target\":[\"https:\\\/\\\/www.fecanbm.es\\\/lanzarote\\\/junta-de-gobierno\\\/\"]}]},{\"@type\":\"ImageObject\",\"inLanguage\":\"es\",\"@id\":\"https:\\\/\\\/www.fecanbm.es\\\/lanzarote\\\/junta-de-gobierno\\\/#primaryimage\",\"url\":\"https:\\\/\\\/www.fecanbm.es\\\/lanzarote\\\/wp-content\\\/uploads\\\/sites\\\/3\\\/elementor\\\/thumbs\\\/avatar_icon-r6roule78ewn7k3joxfy14bakqwsilhrgljwzizluk.webp\",\"contentUrl\":\"https:\\\/\\\/www.fecanbm.es\\\/lanzarote\\\/wp-content\\\/uploads\\\/sites\\\/3\\\/elementor\\\/thumbs\\\/avatar_icon-r6roule78ewn7k3joxfy14bakqwsilhrgljwzizluk.webp\"},{\"@type\":\"BreadcrumbList\",\"@id\":\"https:\\\/\\\/www.fecanbm.es\\\/lanzarote\\\/junta-de-gobierno\\\/#breadcrumb\",\"itemListElement\":[{\"@type\":\"ListItem\",\"position\":1,\"name\":\"Portada\",\"item\":\"https:\\\/\\\/www.fecanbm.es\\\/lanzarote\\\/\"},{\"@type\":\"ListItem\",\"position\":2,\"name\":\"Junta de Gobierno\"}]},{\"@type\":\"WebSite\",\"@id\":\"https:\\\/\\\/www.fecanbm.es\\\/lanzarote\\\/#website\",\"url\":\"https:\\\/\\\/www.fecanbm.es\\\/lanzarote\\\/\",\"name\":\"Federaci\u00f3n Insular de Lanzarote\",\"description\":\"Federaci\u00f3n Insular de Lanzarote\",\"potentialAction\":[{\"@type\":\"SearchAction\",\"target\":{\"@type\":\"EntryPoint\",\"urlTemplate\":\"https:\\\/\\\/www.fecanbm.es\\\/lanzarote\\\/?s={search_term_string}\"},\"query-input\":{\"@type\":\"PropertyValueSpecification\",\"valueRequired\":true,\"valueName\":\"search_term_string\"}}],\"inLanguage\":\"es\"}]}<\/script>\n<!-- \/ Yoast SEO plugin. -->","yoast_head_json":{"title":"Junta de Gobierno - Federaci\u00f3n Insular de Lanzarote","robots":{"index":"index","follow":"follow","max-snippet":"max-snippet:-1","max-image-preview":"max-image-preview:large","max-video-preview":"max-video-preview:-1"},"canonical":"https:\/\/www.fecanbm.es\/lanzarote\/junta-de-gobierno\/","og_locale":"es_ES","og_type":"article","og_title":"Junta de Gobierno - Federaci\u00f3n Insular de Lanzarote","og_description":"Presidente D. Miguel \u00c1ngel Ferrer del Castillo Vicepresidente D. Marcial Rodr\u00edguez P\u00e9rez Vocal D. Aniley Yaeza Avenda\u00f1o Mach\u00edn Vocal D. Diego Pastoriza Est\u00e9vez Secretario D. Alexander Rivera Ortega","og_url":"https:\/\/www.fecanbm.es\/lanzarote\/junta-de-gobierno\/","og_site_name":"Federaci\u00f3n Insular de Lanzarote","article_modified_time":"2025-06-20T09:46:47+00:00","og_image":[{"url":"https:\/\/www.fecanbm.es\/lanzarote\/wp-content\/uploads\/sites\/3\/elementor\/thumbs\/avatar_icon-r6roule78ewn7k3joxfy14bakqwsilhrgljwzizluk.webp","type":"","width":"","height":""}],"twitter_card":"summary_large_image","twitter_misc":{"Tiempo de lectura":"2 minutos"},"schema":{"@context":"https:\/\/schema.org","@graph":[{"@type":"WebPage","@id":"https:\/\/www.fecanbm.es\/lanzarote\/junta-de-gobierno\/","url":"https:\/\/www.fecanbm.es\/lanzarote\/junta-de-gobierno\/","name":"Junta de Gobierno - Federaci\u00f3n Insular de Lanzarote","isPartOf":{"@id":"https:\/\/www.fecanbm.es\/lanzarote\/#website"},"primaryImageOfPage":{"@id":"https:\/\/www.fecanbm.es\/lanzarote\/junta-de-gobierno\/#primaryimage"},"image":{"@id":"https:\/\/www.fecanbm.es\/lanzarote\/junta-de-gobierno\/#primaryimage"},"thumbnailUrl":"https:\/\/www.fecanbm.es\/lanzarote\/wp-content\/uploads\/sites\/3\/elementor\/thumbs\/avatar_icon-r6roule78ewn7k3joxfy14bakqwsilhrgljwzizluk.webp","datePublished":"2025-06-03T12:58:52+00:00","dateModified":"2025-06-20T09:46:47+00:00","breadcrumb":{"@id":"https:\/\/www.fecanbm.es\/lanzarote\/junta-de-gobierno\/#breadcrumb"},"inLanguage":"es","potentialAction":[{"@type":"ReadAction","target":["https:\/\/www.fecanbm.es\/lanzarote\/junta-de-gobierno\/"]}]},{"@type":"ImageObject","inLanguage":"es","@id":"https:\/\/www.fecanbm.es\/lanzarote\/junta-de-gobierno\/#primaryimage","url":"https:\/\/www.fecanbm.es\/lanzarote\/wp-content\/uploads\/sites\/3\/elementor\/thumbs\/avatar_icon-r6roule78ewn7k3joxfy14bakqwsilhrgljwzizluk.webp","contentUrl":"https:\/\/www.fecanbm.es\/lanzarote\/wp-content\/uploads\/sites\/3\/elementor\/thumbs\/avatar_icon-r6roule78ewn7k3joxfy14bakqwsilhrgljwzizluk.webp"},{"@type":"BreadcrumbList","@id":"https:\/\/www.fecanbm.es\/lanzarote\/junta-de-gobierno\/#breadcrumb","itemListElement":[{"@type":"ListItem","position":1,"name":"Portada","item":"https:\/\/www.fecanbm.es\/lanzarote\/"},{"@type":"ListItem","position":2,"name":"Junta de Gobierno"}]},{"@type":"WebSite","@id":"https:\/\/www.fecanbm.es\/lanzarote\/#website","url":"https:\/\/www.fecanbm.es\/lanzarote\/","name":"Federaci\u00f3n Insular de Lanzarote","description":"Federaci\u00f3n Insular de Lanzarote","potentialAction":[{"@type":"SearchAction","target":{"@type":"EntryPoint","urlTemplate":"https:\/\/www.fecanbm.es\/lanzarote\/?s={search_term_string}"},"query-input":{"@type":"PropertyValueSpecification","valueRequired":true,"valueName":"search_term_string"}}],"inLanguage":"es"}]}},"_links":{"self":[{"href":"https:\/\/www.fecanbm.es\/lanzarote\/wp-json\/wp\/v2\/pages\/5487","targetHints":{"allow":["GET"]}}],"collection":[{"href":"https:\/\/www.fecanbm.es\/lanzarote\/wp-json\/wp\/v2\/pages"}],"about":[{"href":"https:\/\/www.fecanbm.es\/lanzarote\/wp-json\/wp\/v2\/types\/page"}],"author":[{"embeddable":true,"href":"https:\/\/www.fecanbm.es\/lanzarote\/wp-json\/wp\/v2\/users\/1"}],"replies":[{"embeddable":true,"href":"https:\/\/www.fecanbm.es\/lanzarote\/wp-json\/wp\/v2\/comments?post=5487"}],"version-history":[{"count":22,"href":"https:\/\/www.fecanbm.es\/lanzarote\/wp-json\/wp\/v2\/pages\/5487\/revisions"}],"predecessor-version":[{"id":5790,"href":"https:\/\/www.fecanbm.es\/lanzarote\/wp-json\/wp\/v2\/pages\/5487\/revisions\/5790"}],"wp:attachment":[{"href":"https:\/\/www.fecanbm.es\/lanzarote\/wp-json\/wp\/v2\/media?parent=5487"}],"curies":[{"name":"wp","href":"https:\/\/api.w.org\/{rel}","templated":true}]}}