{"id":1817,"date":"2025-06-20T07:40:03","date_gmt":"2025-06-20T05:40:03","guid":{"rendered":"https:\/\/www.fecanbm.es\/gran-canaria\/?page_id=1817"},"modified":"2025-06-20T07:40:25","modified_gmt":"2025-06-20T05:40:25","slug":"politica-de-ventas","status":"publish","type":"page","link":"https:\/\/www.fecanbm.es\/gran-canaria\/politica-de-ventas\/","title":{"rendered":"Pol\u00edtica de Ventas"},"content":{"rendered":"\t\t<div data-elementor-type=\"wp-page\" data-elementor-id=\"1817\" class=\"elementor elementor-1817\" data-elementor-post-type=\"page\">\n\t\t\t\t<div class=\"elementor-element elementor-element-14785fb e-con-full e-flex e-con e-parent\" data-id=\"14785fb\" data-element_type=\"container\" data-e-type=\"container\" data-settings=\"{&quot;background_background&quot;:&quot;classic&quot;}\">\n\t\t\t\t<\/div>\n\t\t<div class=\"elementor-element elementor-element-eb65493 e-flex e-con-boxed e-con e-parent\" data-id=\"eb65493\" data-element_type=\"container\" data-e-type=\"container\" data-settings=\"{&quot;background_background&quot;:&quot;classic&quot;}\">\n\t\t\t\t\t<div class=\"e-con-inner\">\n\t\t\t\t<div class=\"elementor-element elementor-element-b1dd8f7 elementor-widget elementor-widget-text-editor\" data-id=\"b1dd8f7\" data-element_type=\"widget\" data-e-type=\"widget\" data-widget_type=\"text-editor.default\">\n\t\t\t\t<div class=\"elementor-widget-container\">\n\t\t\t\t\t\t\t\t\t<p><strong>Objeto y generalidades de la Pol\u00edtica de Ventas<\/strong><\/p><p>Recomendamos leer detenidamente la presente Pol\u00edtica de Ventas, as\u00ed como los T\u00e9rminos y Condiciones Legales, para realizar un uso responsable de nuestros productos y disfrutar de un servicio de calidad.<\/p><p>La presente Pol\u00edtica de Ventas regula la adquisici\u00f3n una Licencia de Uso de los servicios de los servicios prestados y enlazados desde el portal web de la Federaci\u00f3n Canaria de Balonmano, (en adelante, \u201cel Servicio\u201d), alojados en el sitio\u00a0<a href=\"https:\/\/fecanbm.es\/\">https:\/\/fecanbm.es<\/a>\u00a0y sus subdominios (en adelante \u201cel Sitio Web\u201d), de los que es propietario titular FECANBM (de ahora en adelante LA EMPRESA).<\/p><p>El Servicio es una aplicaci\u00f3n inform\u00e1tica que se distribuye como un servicio (Software As A Service, SaaS). Como tal, el \u00fanico bien adquirible es una Licencia de Uso para la misma, consistente en una habilitaci\u00f3n de acceso a sus funcionalidades y datos.<\/p><p>En el momento del registro, el Usuario se compromete a respetar los T\u00e9rminos y Condiciones Legales y la presente Pol\u00edtica de Ventas. Si el Usuario no las acepta, no debe registrarse en los Servicios ni utilizarlos. El registro en uno o varios Servicios, as\u00ed como el uso de estos, conllevan la plena aceptaci\u00f3n por parte del Usuario de todas las condiciones enunciadas.<\/p><p>Al marcar la casilla junto a la frase \u201cDeclaro ser mayor de edad y haber le\u00eddo y aceptado las Condiciones de Uso del Servicio\u201d, situada al final de la p\u00e1gina de registro para confirmarla, el Usuario reconoce estar plenamente informado y aceptar las disposiciones de los T\u00e9rminos y Condiciones Legales y la Pol\u00edtica de Ventas.<\/p><p>Esta Pol\u00edtica de Ventas ha sido revisada a fecha 27\/06\/2017.<\/p><p><strong>Condiciones de acceso a los servicios<\/strong><\/p><p>Los equipos (ordenador, software, medios de comunicaci\u00f3n, etc.) que permiten acceder al Servicio corren exclusivamente a cargo del Usuario, as\u00ed como los costes de comunicaci\u00f3n ocasionados por su uso.<\/p><p>El acceso a Los Servicios se realiza bajo un sistema de control de acceso, que conlleva el registro del usuario y el pago de la tarifa correspondiente, que se detalla en todo momento a lo largo del proceso de registro.<\/p><p>Dicho proceso de registro, una vez finalizado y confirmado el pago de la tarifa, proporciona una Licencia de Uso del Servicio y otorga acceso inmediato a sus servicios, funcionalidades y datos.<\/p><p>Los errores cometidos al introducir informaci\u00f3n en el proceso de registro pueden corregirse en cualquier momento antes de aprobar el contrato y hacer clic en el bot\u00f3n \u201cConfirma tu pago\u201d. Al hacer clic en \u201cConfirma tu pago\u201d durante el proceso de compra, el Usuario declara aceptar plenamente y sin reservas la totalidad de las presentes Condiciones de Uso y Pol\u00edtica de Ventas.<\/p><p><strong>Precios<\/strong><\/p><p>Los precios del Servicio est\u00e1n a disposici\u00f3n del Usuario durante la presentaci\u00f3n del Servicio que el Usuario desee contratar y a lo largo del proceso de registro.<\/p><p>Los precios est\u00e1n expresados en euros (impuestos incluidos).<\/p><p>La activaci\u00f3n de una Licencia de Uso para el Usuario se produce de manera casi instant\u00e1nea a partir de la validaci\u00f3n de la transacci\u00f3n mediante los m\u00e9todos de pago habilitados.<\/p><p><strong>M\u00e9todos de pago<\/strong><\/p><p>La Licencia de Uso del Servicio se puede adquirir exclusivamente a trav\u00e9s del TPV virtual habilitado al efecto en la propia aplicaci\u00f3n, que permite pagar con tarjetas MasterCard y VISA. Para ello, el usuario deber\u00e1 introducir los datos de su tarjeta durante la confirmaci\u00f3n de la compra, si bien \u00e9stos estar\u00e1n protegidos en todo momento a trav\u00e9s de una conexi\u00f3n segura. No se acepta ning\u00fan otro m\u00e9todo de pago (PayPal, cheques o giros postales, pagos efectivos, pagar\u00e9s, domiciliaciones bancarias, pagos contra reembolso o transferencias bancarias).<\/p><p>La Empresa cuenta con las m\u00e1ximas medidas de seguridad comercialmente disponibles en el sector. Adem\u00e1s, el proceso de pago funciona sobre un servidor seguro utilizando el protocolo SSL (Secure Socket Layer). El servidor seguro establece una conexi\u00f3n de modo que la informaci\u00f3n se transmite cifrada mediante algoritmos de 128 bits, que aseguran que s\u00f3lo sea inteligible para el ordenador del Cliente y el del Sitio Web. De esta forma, al utilizar el protocolo SSL se garantiza:<\/p><p>Que el Cliente est\u00e1 comunicando sus datos al centro servidor de La Empresa, y no a cualquier otro que intentara hacerse pasar por \u00e9ste.<br \/>Que entre el Cliente y el centro servidor de La Empresa los datos se transmiten cifrados, evitando su posible lectura o manipulaci\u00f3n por terceros.<\/p><p><strong>Env\u00edos<\/strong><\/p><p>La adquisici\u00f3n de la Licencia de Uso del Servicio no lleva asociado ning\u00fan tipo de env\u00edo de producto f\u00edsico o mercanc\u00eda.<\/p><p><strong>Derecho de cancelaci\u00f3n y devoluciones<\/strong><\/p><p>Por la naturaleza del Servicio, la adquisici\u00f3n de la Licencia de Uso del mismo no contempla las opciones de desistimiento, cancelaci\u00f3n ni devoluci\u00f3n de pago.<\/p><p>Esta pol\u00edtica toma en consideraci\u00f3n la Directiva 2011\/83\/UE sobre derechos de los consumidores, donde este tipo de productos de software se tipifica como una excepci\u00f3n no sujeta a derechos de desistimiento.<\/p><p><!-- \/wp:paragraph --><\/p>\t\t\t\t\t\t\t\t<\/div>\n\t\t\t\t<\/div>\n\t\t\t\t\t<\/div>\n\t\t\t\t<\/div>\n\t\t\t\t<\/div>\n\t\t","protected":false},"excerpt":{"rendered":"<p>Objeto y generalidades de la Pol\u00edtica de Ventas Recomendamos leer detenidamente la presente Pol\u00edtica de Ventas, as\u00ed como los T\u00e9rminos y Condiciones Legales, para realizar un uso responsable de nuestros productos y disfrutar de un servicio de calidad. La presente Pol\u00edtica de Ventas regula la adquisici\u00f3n una Licencia de Uso de los servicios de los [&hellip;]<\/p>\n","protected":false},"author":1,"featured_media":0,"parent":0,"menu_order":0,"comment_status":"closed","ping_status":"closed","template":"elementor_header_footer","meta":{"ngg_post_thumbnail":0,"footnotes":""},"class_list":["post-1817","page","type-page","status-publish","hentry"],"yoast_head":"<!-- This site is optimized with the Yoast SEO plugin v27.3 - https:\/\/yoast.com\/product\/yoast-seo-wordpress\/ -->\n<title>Pol\u00edtica de Ventas - Federaci\u00f3n Insular de Gran Canaria<\/title>\n<meta name=\"robots\" content=\"index, follow, max-snippet:-1, max-image-preview:large, max-video-preview:-1\" \/>\n<link rel=\"canonical\" href=\"https:\/\/www.fecanbm.es\/gran-canaria\/politica-de-ventas\/\" \/>\n<meta property=\"og:locale\" content=\"es_ES\" \/>\n<meta property=\"og:type\" content=\"article\" \/>\n<meta property=\"og:title\" content=\"Pol\u00edtica de Ventas - Federaci\u00f3n Insular de Gran Canaria\" \/>\n<meta property=\"og:description\" content=\"Objeto y generalidades de la Pol\u00edtica de Ventas Recomendamos leer detenidamente la presente Pol\u00edtica de Ventas, as\u00ed como los T\u00e9rminos y Condiciones Legales, para realizar un uso responsable de nuestros productos y disfrutar de un servicio de calidad. La presente Pol\u00edtica de Ventas regula la adquisici\u00f3n una Licencia de Uso de los servicios de los [&hellip;]\" \/>\n<meta property=\"og:url\" content=\"https:\/\/www.fecanbm.es\/gran-canaria\/politica-de-ventas\/\" \/>\n<meta property=\"og:site_name\" content=\"Federaci\u00f3n Insular de Gran Canaria\" \/>\n<meta property=\"article:modified_time\" content=\"2025-06-20T05:40:25+00:00\" \/>\n<meta name=\"twitter:card\" content=\"summary_large_image\" \/>\n<meta name=\"twitter:label1\" content=\"Tiempo de lectura\" \/>\n\t<meta name=\"twitter:data1\" content=\"4 minutos\" \/>\n<script type=\"application\/ld+json\" class=\"yoast-schema-graph\">{\"@context\":\"https:\\\/\\\/schema.org\",\"@graph\":[{\"@type\":\"WebPage\",\"@id\":\"https:\\\/\\\/www.fecanbm.es\\\/gran-canaria\\\/politica-de-ventas\\\/\",\"url\":\"https:\\\/\\\/www.fecanbm.es\\\/gran-canaria\\\/politica-de-ventas\\\/\",\"name\":\"Pol\u00edtica de Ventas - Federaci\u00f3n Insular de Gran Canaria\",\"isPartOf\":{\"@id\":\"https:\\\/\\\/www.fecanbm.es\\\/gran-canaria\\\/#website\"},\"datePublished\":\"2025-06-20T05:40:03+00:00\",\"dateModified\":\"2025-06-20T05:40:25+00:00\",\"breadcrumb\":{\"@id\":\"https:\\\/\\\/www.fecanbm.es\\\/gran-canaria\\\/politica-de-ventas\\\/#breadcrumb\"},\"inLanguage\":\"es\",\"potentialAction\":[{\"@type\":\"ReadAction\",\"target\":[\"https:\\\/\\\/www.fecanbm.es\\\/gran-canaria\\\/politica-de-ventas\\\/\"]}]},{\"@type\":\"BreadcrumbList\",\"@id\":\"https:\\\/\\\/www.fecanbm.es\\\/gran-canaria\\\/politica-de-ventas\\\/#breadcrumb\",\"itemListElement\":[{\"@type\":\"ListItem\",\"position\":1,\"name\":\"Portada\",\"item\":\"https:\\\/\\\/www.fecanbm.es\\\/gran-canaria\\\/\"},{\"@type\":\"ListItem\",\"position\":2,\"name\":\"Pol\u00edtica de Ventas\"}]},{\"@type\":\"WebSite\",\"@id\":\"https:\\\/\\\/www.fecanbm.es\\\/gran-canaria\\\/#website\",\"url\":\"https:\\\/\\\/www.fecanbm.es\\\/gran-canaria\\\/\",\"name\":\"Federaci\u00f3n Insular de Gran Canaria\",\"description\":\"Federaci\u00f3n Insular de Gran Canaria\",\"potentialAction\":[{\"@type\":\"SearchAction\",\"target\":{\"@type\":\"EntryPoint\",\"urlTemplate\":\"https:\\\/\\\/www.fecanbm.es\\\/gran-canaria\\\/?s={search_term_string}\"},\"query-input\":{\"@type\":\"PropertyValueSpecification\",\"valueRequired\":true,\"valueName\":\"search_term_string\"}}],\"inLanguage\":\"es\"}]}<\/script>\n<!-- \/ Yoast SEO plugin. -->","yoast_head_json":{"title":"Pol\u00edtica de Ventas - Federaci\u00f3n Insular de Gran Canaria","robots":{"index":"index","follow":"follow","max-snippet":"max-snippet:-1","max-image-preview":"max-image-preview:large","max-video-preview":"max-video-preview:-1"},"canonical":"https:\/\/www.fecanbm.es\/gran-canaria\/politica-de-ventas\/","og_locale":"es_ES","og_type":"article","og_title":"Pol\u00edtica de Ventas - Federaci\u00f3n Insular de Gran Canaria","og_description":"Objeto y generalidades de la Pol\u00edtica de Ventas Recomendamos leer detenidamente la presente Pol\u00edtica de Ventas, as\u00ed como los T\u00e9rminos y Condiciones Legales, para realizar un uso responsable de nuestros productos y disfrutar de un servicio de calidad. La presente Pol\u00edtica de Ventas regula la adquisici\u00f3n una Licencia de Uso de los servicios de los [&hellip;]","og_url":"https:\/\/www.fecanbm.es\/gran-canaria\/politica-de-ventas\/","og_site_name":"Federaci\u00f3n Insular de Gran Canaria","article_modified_time":"2025-06-20T05:40:25+00:00","twitter_card":"summary_large_image","twitter_misc":{"Tiempo de lectura":"4 minutos"},"schema":{"@context":"https:\/\/schema.org","@graph":[{"@type":"WebPage","@id":"https:\/\/www.fecanbm.es\/gran-canaria\/politica-de-ventas\/","url":"https:\/\/www.fecanbm.es\/gran-canaria\/politica-de-ventas\/","name":"Pol\u00edtica de Ventas - Federaci\u00f3n Insular de Gran Canaria","isPartOf":{"@id":"https:\/\/www.fecanbm.es\/gran-canaria\/#website"},"datePublished":"2025-06-20T05:40:03+00:00","dateModified":"2025-06-20T05:40:25+00:00","breadcrumb":{"@id":"https:\/\/www.fecanbm.es\/gran-canaria\/politica-de-ventas\/#breadcrumb"},"inLanguage":"es","potentialAction":[{"@type":"ReadAction","target":["https:\/\/www.fecanbm.es\/gran-canaria\/politica-de-ventas\/"]}]},{"@type":"BreadcrumbList","@id":"https:\/\/www.fecanbm.es\/gran-canaria\/politica-de-ventas\/#breadcrumb","itemListElement":[{"@type":"ListItem","position":1,"name":"Portada","item":"https:\/\/www.fecanbm.es\/gran-canaria\/"},{"@type":"ListItem","position":2,"name":"Pol\u00edtica de Ventas"}]},{"@type":"WebSite","@id":"https:\/\/www.fecanbm.es\/gran-canaria\/#website","url":"https:\/\/www.fecanbm.es\/gran-canaria\/","name":"Federaci\u00f3n Insular de Gran Canaria","description":"Federaci\u00f3n Insular de Gran Canaria","potentialAction":[{"@type":"SearchAction","target":{"@type":"EntryPoint","urlTemplate":"https:\/\/www.fecanbm.es\/gran-canaria\/?s={search_term_string}"},"query-input":{"@type":"PropertyValueSpecification","valueRequired":true,"valueName":"search_term_string"}}],"inLanguage":"es"}]}},"_links":{"self":[{"href":"https:\/\/www.fecanbm.es\/gran-canaria\/wp-json\/wp\/v2\/pages\/1817","targetHints":{"allow":["GET"]}}],"collection":[{"href":"https:\/\/www.fecanbm.es\/gran-canaria\/wp-json\/wp\/v2\/pages"}],"about":[{"href":"https:\/\/www.fecanbm.es\/gran-canaria\/wp-json\/wp\/v2\/types\/page"}],"author":[{"embeddable":true,"href":"https:\/\/www.fecanbm.es\/gran-canaria\/wp-json\/wp\/v2\/users\/1"}],"replies":[{"embeddable":true,"href":"https:\/\/www.fecanbm.es\/gran-canaria\/wp-json\/wp\/v2\/comments?post=1817"}],"version-history":[{"count":4,"href":"https:\/\/www.fecanbm.es\/gran-canaria\/wp-json\/wp\/v2\/pages\/1817\/revisions"}],"predecessor-version":[{"id":1821,"href":"https:\/\/www.fecanbm.es\/gran-canaria\/wp-json\/wp\/v2\/pages\/1817\/revisions\/1821"}],"wp:attachment":[{"href":"https:\/\/www.fecanbm.es\/gran-canaria\/wp-json\/wp\/v2\/media?parent=1817"}],"curies":[{"name":"wp","href":"https:\/\/api.w.org\/{rel}","templated":true}]}}