{"id":1812,"date":"2025-06-20T07:38:55","date_gmt":"2025-06-20T05:38:55","guid":{"rendered":"https:\/\/www.fecanbm.es\/gran-canaria\/?page_id=1812"},"modified":"2025-06-20T09:43:23","modified_gmt":"2025-06-20T07:43:23","slug":"politica-de-privacidad","status":"publish","type":"page","link":"https:\/\/www.fecanbm.es\/gran-canaria\/politica-de-privacidad\/","title":{"rendered":"Pol\u00edtica de Privacidad"},"content":{"rendered":"\t\t<div data-elementor-type=\"wp-page\" data-elementor-id=\"1812\" class=\"elementor elementor-1812\" data-elementor-post-type=\"page\">\n\t\t\t\t<div class=\"elementor-element elementor-element-14785fb e-con-full e-flex e-con e-parent\" data-id=\"14785fb\" data-element_type=\"container\" data-e-type=\"container\" data-settings=\"{&quot;background_background&quot;:&quot;classic&quot;}\">\n\t\t\t\t<\/div>\n\t\t<div class=\"elementor-element elementor-element-96cdd44 e-flex e-con-boxed e-con e-parent\" data-id=\"96cdd44\" data-element_type=\"container\" data-e-type=\"container\" data-settings=\"{&quot;background_background&quot;:&quot;classic&quot;}\">\n\t\t\t\t\t<div class=\"e-con-inner\">\n\t\t\t\t<div class=\"elementor-element elementor-element-04b1f88 elementor-widget elementor-widget-text-editor\" data-id=\"04b1f88\" data-element_type=\"widget\" data-e-type=\"widget\" data-widget_type=\"text-editor.default\">\n\t\t\t\t<div class=\"elementor-widget-container\">\n\t\t\t\t\t\t\t\t\t<p><strong>Pol\u00edtica de Protecci\u00f3n de Datos<\/strong><\/p><p>Mediante aviso, la Federaci\u00f3n Canaria de Balonmano,\u00a0 informa a los usuarios de los distintos portales de Internet de su propiedad (en adelante, los \u201cUsuarios\u201d y el \u201cPortal\u201d) acerca de su pol\u00edtica de protecci\u00f3n de datos de car\u00e1cter personal (en adelante, \u201clos Datos Personales\u201d) para que los Usuarios determinen libre y voluntariamente si desean facilitar a la Federaci\u00f3n Canaria de Balonmano los Datos Personales que se les puedan requerir o que se puedan obtener de los Usuarios con ocasi\u00f3n de la suscripci\u00f3n o alta en algunos de los servicios ofrecidos por la Federaci\u00f3n Canaria de Balonmano se reserva el derecho a modificar la presente pol\u00edtica para adaptarla a novedades legislativas o jurisprudenciales as\u00ed como a pr\u00e1cticas de la industria. En dichos supuestos,la Federaci\u00f3n Canaria de Balonmano anunciar\u00e1 en esta p\u00e1gina los cambios introducidos con razonable antelaci\u00f3n a su puesta en pr\u00e1ctica.<\/p><p>Ciertos servicios prestados en el Portal pueden contener condiciones particulares con previsiones espec\u00edficas en materia de protecci\u00f3n de Datos Personales.<\/p><p>Los Datos Personales recogidos ser\u00e1n objeto de tratamiento automatizado e incorporados a los correspondientes ficheros automatizados por la Federaci\u00f3n Canaria de Balonmano, siendo cada una de estas compa\u00f1\u00edas titular y responsable de su propio fichero (en adelante, los \u201cFicheros\u201d). Salvo en los campos en que se indique lo contrario, las respuestas a las preguntas sobre Datos Personales son voluntarias, sin que la falta de contestaci\u00f3n implique una merma en la calidad o cantidad de los servicios correspondientes, a menos que se indique otra cosa.<\/p><p>El Usuario garantiza que los Datos Personales facilitados a la Federaci\u00f3n Canaria de Balonmano son veraces y se hace responsable de comunicar a \u00e9stas cualquier modificaci\u00f3n en los mismos.<\/p><p>La recogida y tratamiento automatizado de los Datos Personales tiene como finalidad el mantenimiento de la relaci\u00f3n contractual en su caso establecida con la Federaci\u00f3n Canaria de Balonmano, la gesti\u00f3n, administraci\u00f3n, prestaci\u00f3n, ampliaci\u00f3n y mejora de los servicios en los que el Usuario decida suscribirse, darse de alta, o utilizar la adecuaci\u00f3n de dichos servicios a las preferencias y gustos de los Usuarios, el estudio de la utilizaci\u00f3n de los servicios por parte de los Usuarios, el dise\u00f1o de nuevos servicios relacionados con dichos servicios, el env\u00edo de actualizaciones de los servicios, el env\u00edo, por medios tradicionales y electr\u00f3nicos, de informaci\u00f3n t\u00e9cnica, operativa y comercial acerca de productos y servicios ofrecidos por la Federaci\u00f3n Canaria de Balonmano y\/o por terceros, actualmente y en el futuro. La finalidad de la recogida y tratamiento automatizado de los Datos Personales incluye igualmente el env\u00edo de formularios de encuestas, que el Usuario no queda obligado a contestar.<\/p><p>La Federaci\u00f3n Canaria de Balonmano ha adoptado los niveles de seguridad de protecci\u00f3n de los Datos Personales legalmente requeridos, y procura instalar aquellos otros medios y medidas t\u00e9cnicas adicionales a su alcance para evitar la p\u00e9rdida, mal uso, alteraci\u00f3n, acceso no autorizado y robo de los Datos Personales facilitados a la Federaci\u00f3n Canaria de Balonmano. En particular, la Federaci\u00f3n Canaria de Balonmano utiliza sistemas de seguridad SSL (Secure Socket Layer) que, a trav\u00e9s de sistemas de certificados y cifrado, permiten comprobar la autenticidad del Portal la Federaci\u00f3n Canaria de Balonmano desde donde se recaban sus Datos Personales, as\u00ed como la integridad y confidencialidad de sus Datos Personales durante su transmisi\u00f3n (Ud. puede comprobar la implementaci\u00f3n del SSL al registrarse dado que la p\u00e1gina de registro comienza con \u201chtpps\u201d, en lugar del \u201chttp\u201d, y le aparecer\u00e1 un peque\u00f1o candado cerrado en la parte inferior de su navegador).<br \/>Ello no obstante, el Usuario debe ser consciente de que las medidas de seguridad en Internet no son inexpugnables.<\/p><p>En ciertos casos, adem\u00e1s, se proponen ceder los Datos Personales a terceros. Cuando proceda, esta circunstancia ser\u00e1 debidamente advertida a los Usuarios en los formularios de recogida de Datos Personales, junto con la identificaci\u00f3n de la sociedad que los ceda y dicho tercero, el tipo de actividades a las que se dedica y la finalidad a que responde la cesi\u00f3n. El Usuario podr\u00e1 oponerse en todo momento a cualquiera o todas las cesiones precitadas mediante el ejercicio de sus derechos seg\u00fan se detalla m\u00e1s abajo.<br \/>Los Usuarios tienen reconocidos y podr\u00e1n ejercitar los derechos de acceso, cancelaci\u00f3n, rectificaci\u00f3n y oposici\u00f3n, as\u00ed como tienen reconocido el derecho a ser informados de las cesiones realizadas contactando con la Federaci\u00f3n Canaria de Balonmano a trav\u00e9s del correo\u00a0<a href=\"mailto:fcanariabm@gmail.com\">fcanariabm@gmail.com<\/a>\u00a0la Federaci\u00f3n Canaria de Balonmano puede utilizar cookies cuando un Usuario navega por los sitios y p\u00e1ginas web del Portal. Las cookies que se puedan utilizar en los sitios y p\u00e1ginas web del Portal se asocian \u00fanicamente con el navegador de un ordenador determinado (un Usuario an\u00f3nimo), y no proporcionan por s\u00ed el nombre y apellidos del Usuario. Gracias a las cookies, resulta posible que la Federaci\u00f3n Canaria de Balonmano reconozcan los navegadores de los Usuarios registrados despu\u00e9s de que \u00e9stos se hayan registrado por primera vez, sin que se tengan que registrarse en cada visita para acceder a las \u00e1reas y servicios reservados exclusivamente a ellos. Las cookies utilizadas no pueden leer los archivos cookie creados por otros proveedores. El Usuario tiene la posibilidad de configurar su navegador para ser avisado en pantalla de la recepci\u00f3n de cookies y para impedir la instalaci\u00f3n de cookies en su disco duro. Por favor, consulte las instrucciones y manuales de su navegador para ampliar \u00e9sta informaci\u00f3n. Para utilizar el Portal, no resulta necesario que el Usuario permita la instalaci\u00f3n de las cookies enviadas por la Federaci\u00f3n Canaria de Balonmano, sin perjuicio de que en tal caso ser\u00e1 necesario que el Usuario se registre como usuario de cada uno de los servicios cuya prestaci\u00f3n requiera el previo registro.<\/p><p>Las cookies que se utilizan en los sitios y p\u00e1ginas web del Portal pueden ser servidas por la Federaci\u00f3n Canaria de Balonmano, en cuyo caso se sirven desde los distintos servidores operados por \u00e9stas, o desde los servidores de determinados terceros que nos prestan servicios y sirven las cookies por cuenta de la Federaci\u00f3n Canaria de Balonmano (como por ejemplo, las cookies que se emplean para servir la publicidad o determinados contenidos y que hacen que el Usuario visualice la publicidad o ciertos contenidos en el tiempo, n\u00famero de veces y forma predeterminados). Siempre que no haya activado la opci\u00f3n que impide la instalaci\u00f3n de cookies en su disco duro, Ud. puede explorar su disco duro siguiendo el manual de instrucciones y ayuda de su sistema operativo (normalmente, en sistemas operativos Windows deber\u00e1 consultar la carpeta \u201cC (o la unidad de disco correspondiente) \/Windows\/Cookies\u201d) para conocer con mayor detalle cada servidor desde donde se env\u00edan las cookies.<\/p>\t\t\t\t\t\t\t\t<\/div>\n\t\t\t\t<\/div>\n\t\t\t\t\t<\/div>\n\t\t\t\t<\/div>\n\t\t\t\t<\/div>\n\t\t","protected":false},"excerpt":{"rendered":"<p>Pol\u00edtica de Protecci\u00f3n de Datos Mediante aviso, la Federaci\u00f3n Canaria de Balonmano,\u00a0 informa a los usuarios de los distintos portales de Internet de su propiedad (en adelante, los \u201cUsuarios\u201d y el \u201cPortal\u201d) acerca de su pol\u00edtica de protecci\u00f3n de datos de car\u00e1cter personal (en adelante, \u201clos Datos Personales\u201d) para que los Usuarios determinen libre y [&hellip;]<\/p>\n","protected":false},"author":1,"featured_media":0,"parent":0,"menu_order":0,"comment_status":"closed","ping_status":"closed","template":"elementor_header_footer","meta":{"ngg_post_thumbnail":0,"footnotes":""},"class_list":["post-1812","page","type-page","status-publish","hentry"],"yoast_head":"<!-- This site is optimized with the Yoast SEO plugin v27.3 - https:\/\/yoast.com\/product\/yoast-seo-wordpress\/ -->\n<title>Pol\u00edtica de Privacidad - Federaci\u00f3n Insular de Gran Canaria<\/title>\n<meta name=\"robots\" content=\"index, follow, max-snippet:-1, max-image-preview:large, max-video-preview:-1\" \/>\n<link rel=\"canonical\" href=\"https:\/\/www.fecanbm.es\/gran-canaria\/politica-de-privacidad\/\" \/>\n<meta property=\"og:locale\" content=\"es_ES\" \/>\n<meta property=\"og:type\" content=\"article\" \/>\n<meta property=\"og:title\" content=\"Pol\u00edtica de Privacidad - Federaci\u00f3n Insular de Gran Canaria\" \/>\n<meta property=\"og:description\" content=\"Pol\u00edtica de Protecci\u00f3n de Datos Mediante aviso, la Federaci\u00f3n Canaria de Balonmano,\u00a0 informa a los usuarios de los distintos portales de Internet de su propiedad (en adelante, los \u201cUsuarios\u201d y el \u201cPortal\u201d) acerca de su pol\u00edtica de protecci\u00f3n de datos de car\u00e1cter personal (en adelante, \u201clos Datos Personales\u201d) para que los Usuarios determinen libre y [&hellip;]\" \/>\n<meta property=\"og:url\" content=\"https:\/\/www.fecanbm.es\/gran-canaria\/politica-de-privacidad\/\" \/>\n<meta property=\"og:site_name\" content=\"Federaci\u00f3n Insular de Gran Canaria\" \/>\n<meta property=\"article:modified_time\" content=\"2025-06-20T07:43:23+00:00\" \/>\n<meta name=\"twitter:card\" content=\"summary_large_image\" \/>\n<meta name=\"twitter:label1\" content=\"Tiempo de lectura\" \/>\n\t<meta name=\"twitter:data1\" content=\"6 minutos\" \/>\n<script type=\"application\/ld+json\" class=\"yoast-schema-graph\">{\"@context\":\"https:\\\/\\\/schema.org\",\"@graph\":[{\"@type\":\"WebPage\",\"@id\":\"https:\\\/\\\/www.fecanbm.es\\\/gran-canaria\\\/politica-de-privacidad\\\/\",\"url\":\"https:\\\/\\\/www.fecanbm.es\\\/gran-canaria\\\/politica-de-privacidad\\\/\",\"name\":\"Pol\u00edtica de Privacidad - Federaci\u00f3n Insular de Gran Canaria\",\"isPartOf\":{\"@id\":\"https:\\\/\\\/www.fecanbm.es\\\/gran-canaria\\\/#website\"},\"datePublished\":\"2025-06-20T05:38:55+00:00\",\"dateModified\":\"2025-06-20T07:43:23+00:00\",\"breadcrumb\":{\"@id\":\"https:\\\/\\\/www.fecanbm.es\\\/gran-canaria\\\/politica-de-privacidad\\\/#breadcrumb\"},\"inLanguage\":\"es\",\"potentialAction\":[{\"@type\":\"ReadAction\",\"target\":[\"https:\\\/\\\/www.fecanbm.es\\\/gran-canaria\\\/politica-de-privacidad\\\/\"]}]},{\"@type\":\"BreadcrumbList\",\"@id\":\"https:\\\/\\\/www.fecanbm.es\\\/gran-canaria\\\/politica-de-privacidad\\\/#breadcrumb\",\"itemListElement\":[{\"@type\":\"ListItem\",\"position\":1,\"name\":\"Portada\",\"item\":\"https:\\\/\\\/www.fecanbm.es\\\/gran-canaria\\\/\"},{\"@type\":\"ListItem\",\"position\":2,\"name\":\"Pol\u00edtica de Privacidad\"}]},{\"@type\":\"WebSite\",\"@id\":\"https:\\\/\\\/www.fecanbm.es\\\/gran-canaria\\\/#website\",\"url\":\"https:\\\/\\\/www.fecanbm.es\\\/gran-canaria\\\/\",\"name\":\"Federaci\u00f3n Insular de Gran Canaria\",\"description\":\"Federaci\u00f3n Insular de Gran Canaria\",\"potentialAction\":[{\"@type\":\"SearchAction\",\"target\":{\"@type\":\"EntryPoint\",\"urlTemplate\":\"https:\\\/\\\/www.fecanbm.es\\\/gran-canaria\\\/?s={search_term_string}\"},\"query-input\":{\"@type\":\"PropertyValueSpecification\",\"valueRequired\":true,\"valueName\":\"search_term_string\"}}],\"inLanguage\":\"es\"}]}<\/script>\n<!-- \/ Yoast SEO plugin. -->","yoast_head_json":{"title":"Pol\u00edtica de Privacidad - Federaci\u00f3n Insular de Gran Canaria","robots":{"index":"index","follow":"follow","max-snippet":"max-snippet:-1","max-image-preview":"max-image-preview:large","max-video-preview":"max-video-preview:-1"},"canonical":"https:\/\/www.fecanbm.es\/gran-canaria\/politica-de-privacidad\/","og_locale":"es_ES","og_type":"article","og_title":"Pol\u00edtica de Privacidad - Federaci\u00f3n Insular de Gran Canaria","og_description":"Pol\u00edtica de Protecci\u00f3n de Datos Mediante aviso, la Federaci\u00f3n Canaria de Balonmano,\u00a0 informa a los usuarios de los distintos portales de Internet de su propiedad (en adelante, los \u201cUsuarios\u201d y el \u201cPortal\u201d) acerca de su pol\u00edtica de protecci\u00f3n de datos de car\u00e1cter personal (en adelante, \u201clos Datos Personales\u201d) para que los Usuarios determinen libre y [&hellip;]","og_url":"https:\/\/www.fecanbm.es\/gran-canaria\/politica-de-privacidad\/","og_site_name":"Federaci\u00f3n Insular de Gran Canaria","article_modified_time":"2025-06-20T07:43:23+00:00","twitter_card":"summary_large_image","twitter_misc":{"Tiempo de lectura":"6 minutos"},"schema":{"@context":"https:\/\/schema.org","@graph":[{"@type":"WebPage","@id":"https:\/\/www.fecanbm.es\/gran-canaria\/politica-de-privacidad\/","url":"https:\/\/www.fecanbm.es\/gran-canaria\/politica-de-privacidad\/","name":"Pol\u00edtica de Privacidad - Federaci\u00f3n Insular de Gran Canaria","isPartOf":{"@id":"https:\/\/www.fecanbm.es\/gran-canaria\/#website"},"datePublished":"2025-06-20T05:38:55+00:00","dateModified":"2025-06-20T07:43:23+00:00","breadcrumb":{"@id":"https:\/\/www.fecanbm.es\/gran-canaria\/politica-de-privacidad\/#breadcrumb"},"inLanguage":"es","potentialAction":[{"@type":"ReadAction","target":["https:\/\/www.fecanbm.es\/gran-canaria\/politica-de-privacidad\/"]}]},{"@type":"BreadcrumbList","@id":"https:\/\/www.fecanbm.es\/gran-canaria\/politica-de-privacidad\/#breadcrumb","itemListElement":[{"@type":"ListItem","position":1,"name":"Portada","item":"https:\/\/www.fecanbm.es\/gran-canaria\/"},{"@type":"ListItem","position":2,"name":"Pol\u00edtica de Privacidad"}]},{"@type":"WebSite","@id":"https:\/\/www.fecanbm.es\/gran-canaria\/#website","url":"https:\/\/www.fecanbm.es\/gran-canaria\/","name":"Federaci\u00f3n Insular de Gran Canaria","description":"Federaci\u00f3n Insular de Gran Canaria","potentialAction":[{"@type":"SearchAction","target":{"@type":"EntryPoint","urlTemplate":"https:\/\/www.fecanbm.es\/gran-canaria\/?s={search_term_string}"},"query-input":{"@type":"PropertyValueSpecification","valueRequired":true,"valueName":"search_term_string"}}],"inLanguage":"es"}]}},"_links":{"self":[{"href":"https:\/\/www.fecanbm.es\/gran-canaria\/wp-json\/wp\/v2\/pages\/1812","targetHints":{"allow":["GET"]}}],"collection":[{"href":"https:\/\/www.fecanbm.es\/gran-canaria\/wp-json\/wp\/v2\/pages"}],"about":[{"href":"https:\/\/www.fecanbm.es\/gran-canaria\/wp-json\/wp\/v2\/types\/page"}],"author":[{"embeddable":true,"href":"https:\/\/www.fecanbm.es\/gran-canaria\/wp-json\/wp\/v2\/users\/1"}],"replies":[{"embeddable":true,"href":"https:\/\/www.fecanbm.es\/gran-canaria\/wp-json\/wp\/v2\/comments?post=1812"}],"version-history":[{"count":4,"href":"https:\/\/www.fecanbm.es\/gran-canaria\/wp-json\/wp\/v2\/pages\/1812\/revisions"}],"predecessor-version":[{"id":1816,"href":"https:\/\/www.fecanbm.es\/gran-canaria\/wp-json\/wp\/v2\/pages\/1812\/revisions\/1816"}],"wp:attachment":[{"href":"https:\/\/www.fecanbm.es\/gran-canaria\/wp-json\/wp\/v2\/media?parent=1812"}],"curies":[{"name":"wp","href":"https:\/\/api.w.org\/{rel}","templated":true}]}}