{"id":1577,"date":"2025-06-03T14:58:03","date_gmt":"2025-06-03T12:58:03","guid":{"rendered":"https:\/\/www.fecanbm.es\/gran-canaria\/?page_id=1577"},"modified":"2025-06-20T11:47:15","modified_gmt":"2025-06-20T09:47:15","slug":"junta-de-gobierno","status":"publish","type":"page","link":"https:\/\/www.fecanbm.es\/gran-canaria\/junta-de-gobierno\/","title":{"rendered":"Junta de Gobierno"},"content":{"rendered":"\t\t<div data-elementor-type=\"wp-page\" data-elementor-id=\"1577\" class=\"elementor elementor-1577\" data-elementor-post-type=\"page\">\n\t\t\t\t<div class=\"elementor-element elementor-element-9fdb81b e-con-full e-flex e-con e-parent\" data-id=\"9fdb81b\" data-element_type=\"container\" data-e-type=\"container\" data-settings=\"{&quot;background_background&quot;:&quot;classic&quot;}\">\n\t\t\t\t<\/div>\n\t\t<div class=\"elementor-element elementor-element-d0aad1d e-flex e-con-boxed e-con e-parent\" data-id=\"d0aad1d\" data-element_type=\"container\" data-e-type=\"container\" data-settings=\"{&quot;background_background&quot;:&quot;classic&quot;}\">\n\t\t\t\t\t<div class=\"e-con-inner\">\n\t\t<div class=\"elementor-element elementor-element-306e971 e-con-full e-flex e-con e-child\" data-id=\"306e971\" data-element_type=\"container\" data-e-type=\"container\" data-settings=\"{&quot;background_background&quot;:&quot;classic&quot;}\">\n\t\t<div class=\"elementor-element elementor-element-477e0f4 e-con-full e-flex e-con e-child\" data-id=\"477e0f4\" data-element_type=\"container\" data-e-type=\"container\">\n\t\t<div class=\"elementor-element elementor-element-8cf133f e-con-full e-flex e-con e-child\" data-id=\"8cf133f\" data-element_type=\"container\" data-e-type=\"container\">\n\t\t\t\t<div class=\"elementor-element elementor-element-34e041f elementor-widget elementor-widget-image\" data-id=\"34e041f\" data-element_type=\"widget\" data-e-type=\"widget\" data-widget_type=\"image.default\">\n\t\t\t\t<div class=\"elementor-widget-container\">\n\t\t\t\t\t\t\t\t\t\t\t\t\t\t\t<img decoding=\"async\" src=\"https:\/\/www.fecanbm.es\/gran-canaria\/wp-content\/uploads\/sites\/4\/elementor\/thumbs\/avatar_icon-r6rouhmuh2rhx490avtfr59g77fbnt2u42xz2f56jg.webp\" title=\"avatar_icon.jpg\" alt=\"avatar_icon.jpg\" loading=\"lazy\" \/>\t\t\t\t\t\t\t\t\t\t\t\t\t\t\t<\/div>\n\t\t\t\t<\/div>\n\t\t\t\t<\/div>\n\t\t<div class=\"elementor-element elementor-element-79592d8 e-con-full e-flex e-con e-child\" data-id=\"79592d8\" data-element_type=\"container\" data-e-type=\"container\">\n\t\t\t\t<div class=\"elementor-element elementor-element-8b075b8 elementor-widget__width-inherit elementor-widget elementor-widget-icon-box\" data-id=\"8b075b8\" data-element_type=\"widget\" data-e-type=\"widget\" data-widget_type=\"icon-box.default\">\n\t\t\t\t<div class=\"elementor-widget-container\">\n\t\t\t\t\t\t\t<div class=\"elementor-icon-box-wrapper\">\n\n\t\t\t\n\t\t\t\t\t\t<div class=\"elementor-icon-box-content\">\n\n\t\t\t\t\t\t\t\t\t<h3 class=\"elementor-icon-box-title\">\n\t\t\t\t\t\t<span  >\n\t\t\t\t\t\t\tPresidenta\t\t\t\t\t\t<\/span>\n\t\t\t\t\t<\/h3>\n\t\t\t\t\n\t\t\t\t\t\t\t\t\t<p class=\"elementor-icon-box-description\">\n\t\t\t\t\t\tD\u00aa Mar\u00eda del Pilar Henr\u00edquez Auyanet\t\t\t\t\t<\/p>\n\t\t\t\t\n\t\t\t<\/div>\n\t\t\t\n\t\t<\/div>\n\t\t\t\t\t\t<\/div>\n\t\t\t\t<\/div>\n\t\t\t\t<\/div>\n\t\t\t\t<\/div>\n\t\t\t\t<\/div>\n\t\t<div class=\"elementor-element elementor-element-d023364 e-con-full e-flex e-con e-child\" data-id=\"d023364\" data-element_type=\"container\" data-e-type=\"container\" data-settings=\"{&quot;background_background&quot;:&quot;classic&quot;}\">\n\t\t<div class=\"elementor-element elementor-element-c7e1553 e-con-full e-flex e-con e-child\" data-id=\"c7e1553\" data-element_type=\"container\" data-e-type=\"container\">\n\t\t<div class=\"elementor-element elementor-element-ad75c57 e-con-full e-flex e-con e-child\" data-id=\"ad75c57\" data-element_type=\"container\" data-e-type=\"container\">\n\t\t\t\t<div class=\"elementor-element elementor-element-511e2e7 elementor-widget elementor-widget-image\" data-id=\"511e2e7\" data-element_type=\"widget\" data-e-type=\"widget\" data-widget_type=\"image.default\">\n\t\t\t\t<div class=\"elementor-widget-container\">\n\t\t\t\t\t\t\t\t\t\t\t\t\t\t\t<img decoding=\"async\" src=\"https:\/\/www.fecanbm.es\/gran-canaria\/wp-content\/uploads\/sites\/4\/elementor\/thumbs\/avatar_icon-r6rouhmuh2rhx490avtfr59g77fbnt2u42xz2f56jg.webp\" title=\"avatar_icon.jpg\" alt=\"avatar_icon.jpg\" loading=\"lazy\" \/>\t\t\t\t\t\t\t\t\t\t\t\t\t\t\t<\/div>\n\t\t\t\t<\/div>\n\t\t\t\t<\/div>\n\t\t<div class=\"elementor-element elementor-element-b51dfe9 e-con-full e-flex e-con e-child\" data-id=\"b51dfe9\" data-element_type=\"container\" data-e-type=\"container\">\n\t\t\t\t<div class=\"elementor-element elementor-element-3193cfa elementor-widget__width-inherit elementor-widget elementor-widget-icon-box\" data-id=\"3193cfa\" data-element_type=\"widget\" data-e-type=\"widget\" data-widget_type=\"icon-box.default\">\n\t\t\t\t<div class=\"elementor-widget-container\">\n\t\t\t\t\t\t\t<div class=\"elementor-icon-box-wrapper\">\n\n\t\t\t\n\t\t\t\t\t\t<div class=\"elementor-icon-box-content\">\n\n\t\t\t\t\t\t\t\t\t<h3 class=\"elementor-icon-box-title\">\n\t\t\t\t\t\t<span  >\n\t\t\t\t\t\t\tVicepresidenta\t\t\t\t\t\t<\/span>\n\t\t\t\t\t<\/h3>\n\t\t\t\t\n\t\t\t\t\t\t\t\t\t<p class=\"elementor-icon-box-description\">\n\t\t\t\t\t\tD\u00aa. Mar\u00eda Fernanda Espino Guerra\t\t\t\t\t<\/p>\n\t\t\t\t\n\t\t\t<\/div>\n\t\t\t\n\t\t<\/div>\n\t\t\t\t\t\t<\/div>\n\t\t\t\t<\/div>\n\t\t\t\t<\/div>\n\t\t\t\t<\/div>\n\t\t<div class=\"elementor-element elementor-element-fcf650f e-con-full e-flex e-con e-child\" data-id=\"fcf650f\" data-element_type=\"container\" data-e-type=\"container\">\n\t\t<div class=\"elementor-element elementor-element-9b4948a e-con-full e-flex e-con e-child\" data-id=\"9b4948a\" data-element_type=\"container\" data-e-type=\"container\">\n\t\t\t\t<div class=\"elementor-element elementor-element-fe4db93 elementor-widget elementor-widget-image\" data-id=\"fe4db93\" data-element_type=\"widget\" data-e-type=\"widget\" data-widget_type=\"image.default\">\n\t\t\t\t<div class=\"elementor-widget-container\">\n\t\t\t\t\t\t\t\t\t\t\t\t\t\t\t<img decoding=\"async\" src=\"https:\/\/www.fecanbm.es\/gran-canaria\/wp-content\/uploads\/sites\/4\/elementor\/thumbs\/avatar_icon-r6rouhmuh2rhx490avtfr59g77fbnt2u42xz2f56jg.webp\" title=\"avatar_icon.jpg\" alt=\"avatar_icon.jpg\" loading=\"lazy\" \/>\t\t\t\t\t\t\t\t\t\t\t\t\t\t\t<\/div>\n\t\t\t\t<\/div>\n\t\t\t\t<\/div>\n\t\t<div class=\"elementor-element elementor-element-d8eb5f7 e-con-full e-flex e-con e-child\" data-id=\"d8eb5f7\" data-element_type=\"container\" data-e-type=\"container\">\n\t\t\t\t<div class=\"elementor-element elementor-element-8f209b5 elementor-widget__width-inherit elementor-widget elementor-widget-icon-box\" data-id=\"8f209b5\" data-element_type=\"widget\" data-e-type=\"widget\" data-widget_type=\"icon-box.default\">\n\t\t\t\t<div class=\"elementor-widget-container\">\n\t\t\t\t\t\t\t<div class=\"elementor-icon-box-wrapper\">\n\n\t\t\t\n\t\t\t\t\t\t<div class=\"elementor-icon-box-content\">\n\n\t\t\t\t\t\t\t\t\t<h3 class=\"elementor-icon-box-title\">\n\t\t\t\t\t\t<span  >\n\t\t\t\t\t\t\tVocal\t\t\t\t\t\t<\/span>\n\t\t\t\t\t<\/h3>\n\t\t\t\t\n\t\t\t\t\t\t\t\t\t<p class=\"elementor-icon-box-description\">\n\t\t\t\t\t\tD\u00aa. D\u00e1cil Romero Miranda\t\t\t\t\t<\/p>\n\t\t\t\t\n\t\t\t<\/div>\n\t\t\t\n\t\t<\/div>\n\t\t\t\t\t\t<\/div>\n\t\t\t\t<\/div>\n\t\t\t\t<\/div>\n\t\t\t\t<\/div>\n\t\t<div class=\"elementor-element elementor-element-dbf8351 e-con-full e-flex e-con e-child\" data-id=\"dbf8351\" data-element_type=\"container\" data-e-type=\"container\">\n\t\t<div class=\"elementor-element elementor-element-7326724 e-con-full e-flex e-con e-child\" data-id=\"7326724\" data-element_type=\"container\" data-e-type=\"container\">\n\t\t\t\t<div class=\"elementor-element elementor-element-c116b8d elementor-widget elementor-widget-image\" data-id=\"c116b8d\" data-element_type=\"widget\" data-e-type=\"widget\" data-widget_type=\"image.default\">\n\t\t\t\t<div class=\"elementor-widget-container\">\n\t\t\t\t\t\t\t\t\t\t\t\t\t\t\t<img decoding=\"async\" src=\"https:\/\/www.fecanbm.es\/gran-canaria\/wp-content\/uploads\/sites\/4\/elementor\/thumbs\/avatar_icon-r6rouhmuh2rhx490avtfr59g77fbnt2u42xz2f56jg.webp\" title=\"avatar_icon.jpg\" alt=\"avatar_icon.jpg\" loading=\"lazy\" \/>\t\t\t\t\t\t\t\t\t\t\t\t\t\t\t<\/div>\n\t\t\t\t<\/div>\n\t\t\t\t<\/div>\n\t\t<div class=\"elementor-element elementor-element-bdd0f41 e-con-full e-flex e-con e-child\" data-id=\"bdd0f41\" data-element_type=\"container\" data-e-type=\"container\">\n\t\t\t\t<div class=\"elementor-element elementor-element-509d005 elementor-widget__width-inherit elementor-widget elementor-widget-icon-box\" data-id=\"509d005\" data-element_type=\"widget\" data-e-type=\"widget\" data-widget_type=\"icon-box.default\">\n\t\t\t\t<div class=\"elementor-widget-container\">\n\t\t\t\t\t\t\t<div class=\"elementor-icon-box-wrapper\">\n\n\t\t\t\n\t\t\t\t\t\t<div class=\"elementor-icon-box-content\">\n\n\t\t\t\t\t\t\t\t\t<h3 class=\"elementor-icon-box-title\">\n\t\t\t\t\t\t<span  >\n\t\t\t\t\t\t\tVocal\t\t\t\t\t\t<\/span>\n\t\t\t\t\t<\/h3>\n\t\t\t\t\n\t\t\t\t\t\t\t\t\t<p class=\"elementor-icon-box-description\">\n\t\t\t\t\t\tD. Jos\u00e9 Miguel Gonz\u00e1lez Ojeda\t\t\t\t\t<\/p>\n\t\t\t\t\n\t\t\t<\/div>\n\t\t\t\n\t\t<\/div>\n\t\t\t\t\t\t<\/div>\n\t\t\t\t<\/div>\n\t\t\t\t<\/div>\n\t\t\t\t<\/div>\n\t\t<div class=\"elementor-element elementor-element-9989cae e-con-full e-flex e-con e-child\" data-id=\"9989cae\" data-element_type=\"container\" data-e-type=\"container\">\n\t\t<div class=\"elementor-element elementor-element-aa31eac e-con-full e-flex e-con e-child\" data-id=\"aa31eac\" data-element_type=\"container\" data-e-type=\"container\">\n\t\t\t\t<div class=\"elementor-element elementor-element-3a88be1 elementor-widget elementor-widget-image\" data-id=\"3a88be1\" data-element_type=\"widget\" data-e-type=\"widget\" data-widget_type=\"image.default\">\n\t\t\t\t<div class=\"elementor-widget-container\">\n\t\t\t\t\t\t\t\t\t\t\t\t\t\t\t<img decoding=\"async\" src=\"https:\/\/www.fecanbm.es\/gran-canaria\/wp-content\/uploads\/sites\/4\/elementor\/thumbs\/avatar_icon-r6rouhmuh2rhx490avtfr59g77fbnt2u42xz2f56jg.webp\" title=\"avatar_icon.jpg\" alt=\"avatar_icon.jpg\" loading=\"lazy\" \/>\t\t\t\t\t\t\t\t\t\t\t\t\t\t\t<\/div>\n\t\t\t\t<\/div>\n\t\t\t\t<\/div>\n\t\t<div class=\"elementor-element elementor-element-7a58a9d e-con-full e-flex e-con e-child\" data-id=\"7a58a9d\" data-element_type=\"container\" data-e-type=\"container\">\n\t\t\t\t<div class=\"elementor-element elementor-element-6c92bc5 elementor-widget__width-inherit elementor-widget elementor-widget-icon-box\" data-id=\"6c92bc5\" data-element_type=\"widget\" data-e-type=\"widget\" data-widget_type=\"icon-box.default\">\n\t\t\t\t<div class=\"elementor-widget-container\">\n\t\t\t\t\t\t\t<div class=\"elementor-icon-box-wrapper\">\n\n\t\t\t\n\t\t\t\t\t\t<div class=\"elementor-icon-box-content\">\n\n\t\t\t\t\t\t\t\t\t<h3 class=\"elementor-icon-box-title\">\n\t\t\t\t\t\t<span  >\n\t\t\t\t\t\t\tSecretario\t\t\t\t\t\t<\/span>\n\t\t\t\t\t<\/h3>\n\t\t\t\t\n\t\t\t\t\t\t\t\t\t<p class=\"elementor-icon-box-description\">\n\t\t\t\t\t\tD. Francisco Daniel Mach\u00edn Reyes\t\t\t\t\t<\/p>\n\t\t\t\t\n\t\t\t<\/div>\n\t\t\t\n\t\t<\/div>\n\t\t\t\t\t\t<\/div>\n\t\t\t\t<\/div>\n\t\t\t\t<\/div>\n\t\t\t\t<\/div>\n\t\t\t\t<\/div>\n\t\t\t\t\t<\/div>\n\t\t\t\t<\/div>\n\t\t\t\t<\/div>\n\t\t","protected":false},"excerpt":{"rendered":"<p>Presidenta D\u00aa Mar\u00eda del Pilar Henr\u00edquez Auyanet Vicepresidenta D\u00aa. Mar\u00eda Fernanda Espino Guerra Vocal D\u00aa. D\u00e1cil Romero Miranda Vocal D. Jos\u00e9 Miguel Gonz\u00e1lez Ojeda Secretario D. Francisco Daniel Mach\u00edn Reyes<\/p>\n","protected":false},"author":1,"featured_media":0,"parent":0,"menu_order":0,"comment_status":"closed","ping_status":"closed","template":"elementor_header_footer","meta":{"ngg_post_thumbnail":0,"footnotes":""},"class_list":["post-1577","page","type-page","status-publish","hentry"],"yoast_head":"<!-- This site is optimized with the Yoast SEO plugin v27.5 - https:\/\/yoast.com\/product\/yoast-seo-wordpress\/ -->\n<title>Junta de Gobierno - Federaci\u00f3n Insular de Gran Canaria<\/title>\n<meta name=\"robots\" content=\"index, follow, max-snippet:-1, max-image-preview:large, max-video-preview:-1\" \/>\n<link rel=\"canonical\" href=\"https:\/\/www.fecanbm.es\/gran-canaria\/junta-de-gobierno\/\" \/>\n<meta property=\"og:locale\" content=\"es_ES\" \/>\n<meta property=\"og:type\" content=\"article\" \/>\n<meta property=\"og:title\" content=\"Junta de Gobierno - Federaci\u00f3n Insular de Gran Canaria\" \/>\n<meta property=\"og:description\" content=\"Presidenta D\u00aa Mar\u00eda del Pilar Henr\u00edquez Auyanet Vicepresidenta D\u00aa. Mar\u00eda Fernanda Espino Guerra Vocal D\u00aa. D\u00e1cil Romero Miranda Vocal D. Jos\u00e9 Miguel Gonz\u00e1lez Ojeda Secretario D. Francisco Daniel Mach\u00edn Reyes\" \/>\n<meta property=\"og:url\" content=\"https:\/\/www.fecanbm.es\/gran-canaria\/junta-de-gobierno\/\" \/>\n<meta property=\"og:site_name\" content=\"Federaci\u00f3n Insular de Gran Canaria\" \/>\n<meta property=\"article:modified_time\" content=\"2025-06-20T09:47:15+00:00\" \/>\n<meta property=\"og:image\" content=\"https:\/\/www.fecanbm.es\/gran-canaria\/wp-content\/uploads\/sites\/4\/elementor\/thumbs\/avatar_icon-r6rouhmuh2rhx490avtfr59g77fbnt2u42xz2f56jg.webp\" \/>\n<meta name=\"twitter:card\" content=\"summary_large_image\" \/>\n<meta name=\"twitter:label1\" content=\"Tiempo de lectura\" \/>\n\t<meta name=\"twitter:data1\" content=\"2 minutos\" \/>\n<script type=\"application\/ld+json\" class=\"yoast-schema-graph\">{\"@context\":\"https:\\\/\\\/schema.org\",\"@graph\":[{\"@type\":\"WebPage\",\"@id\":\"https:\\\/\\\/www.fecanbm.es\\\/gran-canaria\\\/junta-de-gobierno\\\/\",\"url\":\"https:\\\/\\\/www.fecanbm.es\\\/gran-canaria\\\/junta-de-gobierno\\\/\",\"name\":\"Junta de Gobierno - Federaci\u00f3n Insular de Gran Canaria\",\"isPartOf\":{\"@id\":\"https:\\\/\\\/www.fecanbm.es\\\/gran-canaria\\\/#website\"},\"primaryImageOfPage\":{\"@id\":\"https:\\\/\\\/www.fecanbm.es\\\/gran-canaria\\\/junta-de-gobierno\\\/#primaryimage\"},\"image\":{\"@id\":\"https:\\\/\\\/www.fecanbm.es\\\/gran-canaria\\\/junta-de-gobierno\\\/#primaryimage\"},\"thumbnailUrl\":\"https:\\\/\\\/www.fecanbm.es\\\/gran-canaria\\\/wp-content\\\/uploads\\\/sites\\\/4\\\/elementor\\\/thumbs\\\/avatar_icon-r6rouhmuh2rhx490avtfr59g77fbnt2u42xz2f56jg.webp\",\"datePublished\":\"2025-06-03T12:58:03+00:00\",\"dateModified\":\"2025-06-20T09:47:15+00:00\",\"breadcrumb\":{\"@id\":\"https:\\\/\\\/www.fecanbm.es\\\/gran-canaria\\\/junta-de-gobierno\\\/#breadcrumb\"},\"inLanguage\":\"es\",\"potentialAction\":[{\"@type\":\"ReadAction\",\"target\":[\"https:\\\/\\\/www.fecanbm.es\\\/gran-canaria\\\/junta-de-gobierno\\\/\"]}]},{\"@type\":\"ImageObject\",\"inLanguage\":\"es\",\"@id\":\"https:\\\/\\\/www.fecanbm.es\\\/gran-canaria\\\/junta-de-gobierno\\\/#primaryimage\",\"url\":\"https:\\\/\\\/www.fecanbm.es\\\/gran-canaria\\\/wp-content\\\/uploads\\\/sites\\\/4\\\/elementor\\\/thumbs\\\/avatar_icon-r6rouhmuh2rhx490avtfr59g77fbnt2u42xz2f56jg.webp\",\"contentUrl\":\"https:\\\/\\\/www.fecanbm.es\\\/gran-canaria\\\/wp-content\\\/uploads\\\/sites\\\/4\\\/elementor\\\/thumbs\\\/avatar_icon-r6rouhmuh2rhx490avtfr59g77fbnt2u42xz2f56jg.webp\"},{\"@type\":\"BreadcrumbList\",\"@id\":\"https:\\\/\\\/www.fecanbm.es\\\/gran-canaria\\\/junta-de-gobierno\\\/#breadcrumb\",\"itemListElement\":[{\"@type\":\"ListItem\",\"position\":1,\"name\":\"Portada\",\"item\":\"https:\\\/\\\/www.fecanbm.es\\\/gran-canaria\\\/\"},{\"@type\":\"ListItem\",\"position\":2,\"name\":\"Junta de Gobierno\"}]},{\"@type\":\"WebSite\",\"@id\":\"https:\\\/\\\/www.fecanbm.es\\\/gran-canaria\\\/#website\",\"url\":\"https:\\\/\\\/www.fecanbm.es\\\/gran-canaria\\\/\",\"name\":\"Federaci\u00f3n Insular de Gran Canaria\",\"description\":\"Federaci\u00f3n Insular de Gran Canaria\",\"potentialAction\":[{\"@type\":\"SearchAction\",\"target\":{\"@type\":\"EntryPoint\",\"urlTemplate\":\"https:\\\/\\\/www.fecanbm.es\\\/gran-canaria\\\/?s={search_term_string}\"},\"query-input\":{\"@type\":\"PropertyValueSpecification\",\"valueRequired\":true,\"valueName\":\"search_term_string\"}}],\"inLanguage\":\"es\"}]}<\/script>\n<!-- \/ Yoast SEO plugin. -->","yoast_head_json":{"title":"Junta de Gobierno - Federaci\u00f3n Insular de Gran Canaria","robots":{"index":"index","follow":"follow","max-snippet":"max-snippet:-1","max-image-preview":"max-image-preview:large","max-video-preview":"max-video-preview:-1"},"canonical":"https:\/\/www.fecanbm.es\/gran-canaria\/junta-de-gobierno\/","og_locale":"es_ES","og_type":"article","og_title":"Junta de Gobierno - Federaci\u00f3n Insular de Gran Canaria","og_description":"Presidenta D\u00aa Mar\u00eda del Pilar Henr\u00edquez Auyanet Vicepresidenta D\u00aa. Mar\u00eda Fernanda Espino Guerra Vocal D\u00aa. D\u00e1cil Romero Miranda Vocal D. Jos\u00e9 Miguel Gonz\u00e1lez Ojeda Secretario D. Francisco Daniel Mach\u00edn Reyes","og_url":"https:\/\/www.fecanbm.es\/gran-canaria\/junta-de-gobierno\/","og_site_name":"Federaci\u00f3n Insular de Gran Canaria","article_modified_time":"2025-06-20T09:47:15+00:00","og_image":[{"url":"https:\/\/www.fecanbm.es\/gran-canaria\/wp-content\/uploads\/sites\/4\/elementor\/thumbs\/avatar_icon-r6rouhmuh2rhx490avtfr59g77fbnt2u42xz2f56jg.webp","type":"","width":"","height":""}],"twitter_card":"summary_large_image","twitter_misc":{"Tiempo de lectura":"2 minutos"},"schema":{"@context":"https:\/\/schema.org","@graph":[{"@type":"WebPage","@id":"https:\/\/www.fecanbm.es\/gran-canaria\/junta-de-gobierno\/","url":"https:\/\/www.fecanbm.es\/gran-canaria\/junta-de-gobierno\/","name":"Junta de Gobierno - Federaci\u00f3n Insular de Gran Canaria","isPartOf":{"@id":"https:\/\/www.fecanbm.es\/gran-canaria\/#website"},"primaryImageOfPage":{"@id":"https:\/\/www.fecanbm.es\/gran-canaria\/junta-de-gobierno\/#primaryimage"},"image":{"@id":"https:\/\/www.fecanbm.es\/gran-canaria\/junta-de-gobierno\/#primaryimage"},"thumbnailUrl":"https:\/\/www.fecanbm.es\/gran-canaria\/wp-content\/uploads\/sites\/4\/elementor\/thumbs\/avatar_icon-r6rouhmuh2rhx490avtfr59g77fbnt2u42xz2f56jg.webp","datePublished":"2025-06-03T12:58:03+00:00","dateModified":"2025-06-20T09:47:15+00:00","breadcrumb":{"@id":"https:\/\/www.fecanbm.es\/gran-canaria\/junta-de-gobierno\/#breadcrumb"},"inLanguage":"es","potentialAction":[{"@type":"ReadAction","target":["https:\/\/www.fecanbm.es\/gran-canaria\/junta-de-gobierno\/"]}]},{"@type":"ImageObject","inLanguage":"es","@id":"https:\/\/www.fecanbm.es\/gran-canaria\/junta-de-gobierno\/#primaryimage","url":"https:\/\/www.fecanbm.es\/gran-canaria\/wp-content\/uploads\/sites\/4\/elementor\/thumbs\/avatar_icon-r6rouhmuh2rhx490avtfr59g77fbnt2u42xz2f56jg.webp","contentUrl":"https:\/\/www.fecanbm.es\/gran-canaria\/wp-content\/uploads\/sites\/4\/elementor\/thumbs\/avatar_icon-r6rouhmuh2rhx490avtfr59g77fbnt2u42xz2f56jg.webp"},{"@type":"BreadcrumbList","@id":"https:\/\/www.fecanbm.es\/gran-canaria\/junta-de-gobierno\/#breadcrumb","itemListElement":[{"@type":"ListItem","position":1,"name":"Portada","item":"https:\/\/www.fecanbm.es\/gran-canaria\/"},{"@type":"ListItem","position":2,"name":"Junta de Gobierno"}]},{"@type":"WebSite","@id":"https:\/\/www.fecanbm.es\/gran-canaria\/#website","url":"https:\/\/www.fecanbm.es\/gran-canaria\/","name":"Federaci\u00f3n Insular de Gran Canaria","description":"Federaci\u00f3n Insular de Gran Canaria","potentialAction":[{"@type":"SearchAction","target":{"@type":"EntryPoint","urlTemplate":"https:\/\/www.fecanbm.es\/gran-canaria\/?s={search_term_string}"},"query-input":{"@type":"PropertyValueSpecification","valueRequired":true,"valueName":"search_term_string"}}],"inLanguage":"es"}]}},"_links":{"self":[{"href":"https:\/\/www.fecanbm.es\/gran-canaria\/wp-json\/wp\/v2\/pages\/1577","targetHints":{"allow":["GET"]}}],"collection":[{"href":"https:\/\/www.fecanbm.es\/gran-canaria\/wp-json\/wp\/v2\/pages"}],"about":[{"href":"https:\/\/www.fecanbm.es\/gran-canaria\/wp-json\/wp\/v2\/types\/page"}],"author":[{"embeddable":true,"href":"https:\/\/www.fecanbm.es\/gran-canaria\/wp-json\/wp\/v2\/users\/1"}],"replies":[{"embeddable":true,"href":"https:\/\/www.fecanbm.es\/gran-canaria\/wp-json\/wp\/v2\/comments?post=1577"}],"version-history":[{"count":22,"href":"https:\/\/www.fecanbm.es\/gran-canaria\/wp-json\/wp\/v2\/pages\/1577\/revisions"}],"predecessor-version":[{"id":1866,"href":"https:\/\/www.fecanbm.es\/gran-canaria\/wp-json\/wp\/v2\/pages\/1577\/revisions\/1866"}],"wp:attachment":[{"href":"https:\/\/www.fecanbm.es\/gran-canaria\/wp-json\/wp\/v2\/media?parent=1577"}],"curies":[{"name":"wp","href":"https:\/\/api.w.org\/{rel}","templated":true}]}}